{"id":1237,"date":"2021-06-08T15:38:25","date_gmt":"2021-06-08T15:38:25","guid":{"rendered":"https:\/\/tecsisel.com\/?post_type=product&#038;p=1237"},"modified":"2023-01-09T16:15:46","modified_gmt":"2023-01-09T16:15:46","slug":"sensors","status":"publish","type":"product","link":"https:\/\/tecsisel.com\/pt\/produto\/sensors\/","title":{"rendered":"Sensores"},"content":{"rendered":"<p class=\"western\" align=\"justify\">Sensores Tecsisel: Anemometro, Transdutor Dire\u00e7\u00e3o de Vento, Transdutor de Humidade e Temperatura, Transdutor de CO2, Transdutor de Press\u00e3o Diferencial, Transdutor de Luminosidade, Transdutor de Temperatura Interior, Transdutor de Humidade Interior, Conversor de Temperatura (PT100), Sonda de Temperatura, Ba\u00ednhas para Sondas, Termostato para Controlo Manual<\/p>","protected":false},"excerpt":{"rendered":"<p>Sensores Tecsisel: Anemometro, Transdutor Dire\u00e7\u00e3o de Vento, Transdutor de Humidade e Temperatura, Transdutor de CO2, Transdutor de Press\u00e3o Diferencial, Transdutor de Luminosidade, Transdutor de Temperatura Interior, Transdutor de Humidade Interior, Conversor de Temperatura (PT100), Sonda de Temperatura, Ba\u00ednhas para Sondas, Termostato para Controlo Manual<\/p>","protected":false},"featured_media":1239,"template":"","meta":[],"product_brand":[],"product_cat":[62],"product_tag":[51,63,24],"class_list":{"0":"post-1237","1":"product","2":"type-product","3":"status-publish","4":"has-post-thumbnail","6":"product_cat-products","7":"product_tag-sensores","8":"product_tag-sensors","9":"product_tag-tecsisel","11":"first","12":"instock","13":"shipping-taxable","14":"product-type-external"},"_links":{"self":[{"href":"https:\/\/tecsisel.com\/pt\/wp-json\/wp\/v2\/product\/1237","targetHints":{"allow":["GET"]}}],"collection":[{"href":"https:\/\/tecsisel.com\/pt\/wp-json\/wp\/v2\/product"}],"about":[{"href":"https:\/\/tecsisel.com\/pt\/wp-json\/wp\/v2\/types\/product"}],"wp:featuredmedia":[{"embeddable":true,"href":"https:\/\/tecsisel.com\/pt\/wp-json\/wp\/v2\/media\/1239"}],"wp:attachment":[{"href":"https:\/\/tecsisel.com\/pt\/wp-json\/wp\/v2\/media?parent=1237"}],"wp:term":[{"taxonomy":"product_brand","embeddable":true,"href":"https:\/\/tecsisel.com\/pt\/wp-json\/wp\/v2\/product_brand?post=1237"},{"taxonomy":"product_cat","embeddable":true,"href":"https:\/\/tecsisel.com\/pt\/wp-json\/wp\/v2\/product_cat?post=1237"},{"taxonomy":"product_tag","embeddable":true,"href":"https:\/\/tecsisel.com\/pt\/wp-json\/wp\/v2\/product_tag?post=1237"}],"curies":[{"name":"wp","href":"https:\/\/api.w.org\/{rel}","templated":true}]}}