{"id":1227,"date":"2021-06-08T14:55:35","date_gmt":"2021-06-08T14:55:35","guid":{"rendered":"https:\/\/tecsisel.com\/?post_type=product&#038;p=1227"},"modified":"2023-01-09T16:16:31","modified_gmt":"2023-01-09T16:16:31","slug":"cooling-systems","status":"publish","type":"product","link":"https:\/\/tecsisel.com\/pt\/produto\/cooling-systems\/","title":{"rendered":"Sistemas de arrefecimento"},"content":{"rendered":"<p class=\"western\" align=\"justify\">Sistemas de Arrefecimento Tecsisel, composto por Calhas em alum\u00ednio, Pacote de refrigera\u00e7\u00e3o, Bombas alta press\u00e3o, Injetores em a\u00e7o inoxid\u00e1vel e Tubo em a\u00e7o inoxid\u00e1vel.<\/p>","protected":false},"excerpt":{"rendered":"<p><strong>CALHAS EM ALUM\u00cdNIO<\/strong><\/p>\n<table width=\"662\" cellspacing=\"0\" cellpadding=\"7\">\n<tbody>\n<tr>\n<td style=\"background: #f2f2f2;\" colspan=\"2\" bgcolor=\"#f2f2f2\" width=\"372\">\n<p class=\"western\" align=\"center\"><b>MODELO<\/b><\/p>\n<\/td>\n<td style=\"background: #f2f2f2;\" bgcolor=\"#f2f2f2\" width=\"260\">\n<p class=\"western\" align=\"center\"><b>TEC CP 150<\/b><\/p>\n<\/td>\n<\/tr>\n<tr>\n<td style=\"background: #f2f2f2;\" rowspan=\"3\" bgcolor=\"#f2f2f2\" width=\"206\">\n<p class=\"western\" align=\"center\"><span style=\"font-size: small;\"><b>MEDIDAS<\/b><\/span><\/p>\n<\/td>\n<td style=\"background: #f2f2f2;\" bgcolor=\"#f2f2f2\" width=\"152\"><\/td>\n<td width=\"260\"><\/td>\n<\/tr>\n<tr>\n<td style=\"background: #f2f2f2;\" bgcolor=\"#f2f2f2\" width=\"152\">\n<p class=\"western\" align=\"center\"><b>L (cm)<\/b><\/p>\n<\/td>\n<td width=\"260\">\n<p class=\"western\" align=\"center\">15<\/p>\n<\/td>\n<\/tr>\n<tr>\n<td style=\"background: #f2f2f2;\" bgcolor=\"#f2f2f2\" width=\"152\">\n<p class=\"western\" align=\"center\"><b>C (cm)<\/b><\/p>\n<\/td>\n<td width=\"260\">\n<p class=\"western\" align=\"center\">600<\/p>\n<\/td>\n<\/tr>\n<\/tbody>\n<\/table>\n<p>&nbsp;<\/p>\n<p style=\"text-align: left;\"><strong>PACOTE DE REFRIGERA\u00c7\u00c3O<\/strong><\/p>\n<table width=\"662\" cellspacing=\"0\" cellpadding=\"7\">\n<tbody>\n<tr>\n<td style=\"background: #f2f2f2;\" colspan=\"2\" bgcolor=\"#f2f2f2\" width=\"372\">\n<p class=\"western\" align=\"center\"><b>MODELO<\/b><\/p>\n<\/td>\n<td style=\"background: #f2f2f2;\" bgcolor=\"#f2f2f2\" width=\"260\">\n<p class=\"western\" align=\"center\"><b>TEC CP 150<\/b><\/p>\n<\/td>\n<\/tr>\n<tr>\n<td style=\"background: #f2f2f2;\" rowspan=\"3\" bgcolor=\"#f2f2f2\" width=\"206\">\n<p class=\"western\" align=\"center\"><span style=\"font-size: small;\"><b>MEDIDAS<\/b><\/span><\/p>\n<\/td>\n<td style=\"background: #f2f2f2;\" bgcolor=\"#f2f2f2\" width=\"152\">\n<p class=\"western\" align=\"center\"><b>A (cm)<\/b><\/p>\n<\/td>\n<td width=\"260\">\n<p class=\"western\" align=\"center\">90\/150\/200<\/p>\n<\/td>\n<\/tr>\n<tr>\n<td style=\"background: #f2f2f2;\" bgcolor=\"#f2f2f2\" width=\"152\">\n<p class=\"western\" align=\"center\"><b>L (cm)<\/b><\/p>\n<\/td>\n<td width=\"260\">\n<p class=\"western\" align=\"center\">15<\/p>\n<\/td>\n<\/tr>\n<tr>\n<td style=\"background: #f2f2f2;\" bgcolor=\"#f2f2f2\" width=\"152\">\n<p class=\"western\" align=\"center\"><b>C (cm)<\/b><\/p>\n<\/td>\n<td width=\"260\">\n<p class=\"western\" align=\"center\">30<\/p>\n<\/td>\n<\/tr>\n<\/tbody>\n<\/table>\n<p>&nbsp;<\/p>\n<p style=\"text-align: left;\"><strong>BOMBAS ALTA PRESS\u00c3O<\/strong><\/p>\n<table width=\"664\" cellspacing=\"0\" cellpadding=\"7\">\n<tbody>\n<tr>\n<td style=\"background: #f2f2f2;\" colspan=\"2\" bgcolor=\"#f2f2f2\" width=\"146\">\n<p class=\"western\" align=\"center\"><b>MODELO<\/b><\/p>\n<\/td>\n<td style=\"background: #f2f2f2;\" bgcolor=\"#f2f2f2\" width=\"70\">\n<p class=\"western\" align=\"center\"><b>TEC BP 4<\/b><\/p>\n<\/td>\n<td style=\"background: #f2f2f2;\" bgcolor=\"#f2f2f2\" width=\"70\">\n<p class=\"western\" align=\"center\"><b>TEC BP 6<\/b><\/p>\n<\/td>\n<td style=\"background: #f2f2f2;\" bgcolor=\"#f2f2f2\" width=\"70\">\n<p class=\"western\" align=\"center\"><b>TEC BP 12<\/b><\/p>\n<\/td>\n<td style=\"background: #f2f2f2;\" bgcolor=\"#f2f2f2\" width=\"70\">\n<p class=\"western\" align=\"center\"><b>TEC BP 15<\/b><\/p>\n<\/td>\n<td style=\"background: #f2f2f2;\" bgcolor=\"#f2f2f2\" width=\"70\">\n<p class=\"western\" align=\"center\"><b>TEC BP 21<\/b><\/p>\n<\/td>\n<td style=\"background: #f2f2f2;\" bgcolor=\"#f2f2f2\" width=\"69\">\n<p class=\"western\" align=\"center\"><b>TEC BP 25<\/b><\/p>\n<\/td>\n<\/tr>\n<tr>\n<td style=\"background: #f2f2f2;\" rowspan=\"2\" bgcolor=\"#f2f2f2\" width=\"85\">\n<p class=\"western\" align=\"center\"><span style=\"font-size: small;\"><b>*MOTOR<\/b><\/span><\/p>\n<\/td>\n<td style=\"background: #f2f2f2;\" bgcolor=\"#f2f2f2\" width=\"47\">\n<p class=\"western\" align=\"center\"><b>kw<\/b><\/p>\n<\/td>\n<td style=\"background: #ffffff;\" bgcolor=\"#ffffff\" width=\"70\">\n<p class=\"western\" align=\"center\">1.1<\/p>\n<\/td>\n<td style=\"background: #ffffff;\" bgcolor=\"#ffffff\" width=\"70\">\n<p class=\"western\" align=\"center\">1.5<\/p>\n<\/td>\n<td style=\"background: #ffffff;\" bgcolor=\"#ffffff\" width=\"70\">\n<p class=\"western\" align=\"center\">3<\/p>\n<\/td>\n<td width=\"70\">\n<p class=\"western\" align=\"center\">4<\/p>\n<\/td>\n<td width=\"70\">\n<p class=\"western\" align=\"center\">5.5<\/p>\n<\/td>\n<td width=\"69\">\n<p class=\"western\" align=\"center\">7.5<\/p>\n<\/td>\n<\/tr>\n<tr>\n<td style=\"background: #f2f2f2;\" bgcolor=\"#f2f2f2\" width=\"47\">\n<p class=\"western\" align=\"center\"><b>V<\/b><\/p>\n<\/td>\n<td style=\"background: #ffffff;\" bgcolor=\"#ffffff\" width=\"70\">\n<p class=\"western\" align=\"center\">3 X 400<\/p>\n<\/td>\n<td style=\"background: #ffffff;\" bgcolor=\"#ffffff\" width=\"70\">\n<p class=\"western\" align=\"center\">3 X 400<\/p>\n<\/td>\n<td style=\"background: #ffffff;\" bgcolor=\"#ffffff\" width=\"70\">\n<p class=\"western\" align=\"center\">3 X 400<\/p>\n<\/td>\n<td width=\"70\">\n<p class=\"western\" align=\"center\">3 X 400<\/p>\n<\/td>\n<td width=\"70\">\n<p class=\"western\" align=\"center\">3 X 400<\/p>\n<\/td>\n<td width=\"69\">\n<p class=\"western\" align=\"center\">3 X 400<\/p>\n<\/td>\n<\/tr>\n<tr>\n<td style=\"background: #f2f2f2;\" bgcolor=\"#f2f2f2\" width=\"85\" height=\"40\">\n<p class=\"western\" align=\"center\"><span style=\"font-size: small;\"><b>PRESS\u00c3O<\/b><\/span><\/p>\n<\/td>\n<td style=\"background: #f2f2f2;\" bgcolor=\"#f2f2f2\" width=\"47\">\n<p class=\"western\" align=\"center\"><b>Bar<\/b><\/p>\n<\/td>\n<td style=\"background: #ffffff;\" bgcolor=\"#ffffff\" width=\"70\">\n<p class=\"western\" align=\"center\">70<\/p>\n<\/td>\n<td style=\"background: #ffffff;\" bgcolor=\"#ffffff\" width=\"70\">\n<p class=\"western\" align=\"center\">70<\/p>\n<\/td>\n<td style=\"background: #ffffff;\" bgcolor=\"#ffffff\" width=\"70\">\n<p class=\"western\" align=\"center\">70<\/p>\n<\/td>\n<td width=\"70\">\n<p class=\"western\" align=\"center\">70<\/p>\n<\/td>\n<td width=\"70\">\n<p class=\"western\" align=\"center\">70<\/p>\n<\/td>\n<td width=\"69\">\n<p class=\"western\" align=\"center\">70<\/p>\n<\/td>\n<\/tr>\n<tr>\n<td style=\"background: #f2f2f2;\" bgcolor=\"#f2f2f2\" width=\"85\" height=\"41\">\n<p class=\"western\" align=\"center\"><span style=\"font-size: small;\"><b>CAPACIDADE<\/b><\/span><\/p>\n<\/td>\n<td style=\"background: #f2f2f2;\" bgcolor=\"#f2f2f2\" width=\"47\">\n<p class=\"western\" align=\"center\"><b>Lt\/min<\/b><\/p>\n<\/td>\n<td style=\"background: #ffffff;\" bgcolor=\"#ffffff\" width=\"70\">\n<p class=\"western\" align=\"center\">4<\/p>\n<\/td>\n<td style=\"background: #ffffff;\" bgcolor=\"#ffffff\" width=\"70\">\n<p class=\"western\" align=\"center\">6<\/p>\n<\/td>\n<td style=\"background: #ffffff;\" bgcolor=\"#ffffff\" width=\"70\">\n<p class=\"western\" align=\"center\">12<\/p>\n<\/td>\n<td width=\"70\">\n<p class=\"western\" align=\"center\">15<\/p>\n<\/td>\n<td width=\"70\">\n<p class=\"western\" align=\"center\">21<\/p>\n<\/td>\n<td width=\"69\">\n<p class=\"western\" align=\"center\">25<\/p>\n<\/td>\n<\/tr>\n<\/tbody>\n<\/table>\n<p style=\"text-align: left;\">*Pode ser fabricado noutras tens\u00f5es e frequ\u00eancias<\/p>\n<p>&nbsp;<\/p>\n<p style=\"text-align: left;\"><strong>INJETORES EM A\u00c7O INOXID\u00c1VEL<\/strong><\/p>\n<table width=\"662\" cellspacing=\"0\" cellpadding=\"7\">\n<tbody>\n<tr>\n<td style=\"background: #f2f2f2;\" colspan=\"2\" bgcolor=\"#f2f2f2\" width=\"222\" height=\"11\">\n<p class=\"western\" align=\"center\"><b>MODELO<\/b><\/p>\n<\/td>\n<td style=\"background: #f2f2f2;\" bgcolor=\"#f2f2f2\" width=\"128\">\n<p class=\"western\" align=\"center\"><b>TEC IJ 15<\/b><\/p>\n<\/td>\n<td style=\"background: #f2f2f2;\" bgcolor=\"#f2f2f2\" width=\"128\">\n<p class=\"western\" align=\"center\"><b>TEC IJ 20<\/b><\/p>\n<\/td>\n<td style=\"background: #f2f2f2;\" bgcolor=\"#f2f2f2\" width=\"127\">\n<p class=\"western\" align=\"center\"><b>TEC IJ 30<\/b><\/p>\n<\/td>\n<\/tr>\n<tr>\n<td style=\"background: #f2f2f2;\" bgcolor=\"#f2f2f2\" width=\"117\" height=\"12\">\n<p class=\"western\" align=\"center\">\uf0c6 <span style=\"font-size: small;\"><b>ORIF\u00cdCIO (cer\u00e2mica)<\/b><\/span><\/p>\n<\/td>\n<td style=\"background: #f2f2f2;\" bgcolor=\"#f2f2f2\" width=\"90\">\n<p class=\"western\" align=\"center\">mm<\/p>\n<\/td>\n<td style=\"background: #ffffff;\" bgcolor=\"#ffffff\" width=\"128\">\n<p class=\"western\" align=\"center\">0.15<\/p>\n<\/td>\n<td style=\"background: #ffffff;\" bgcolor=\"#ffffff\" width=\"128\">\n<p class=\"western\" align=\"center\">0.20<\/p>\n<\/td>\n<td style=\"background: #ffffff;\" bgcolor=\"#ffffff\" width=\"127\">\n<p class=\"western\" align=\"center\">0.30<\/p>\n<\/td>\n<\/tr>\n<tr>\n<td style=\"background: #f2f2f2;\" bgcolor=\"#f2f2f2\" width=\"117\" height=\"21\">\n<p class=\"western\" align=\"center\"><span style=\"font-size: small;\"><b>CAPACIDADE<\/b><\/span><\/p>\n<\/td>\n<td style=\"background: #f2f2f2;\" bgcolor=\"#f2f2f2\" width=\"90\">\n<p class=\"western\" align=\"center\">ml\/min<\/p>\n<\/td>\n<td width=\"128\">\n<p class=\"western\" align=\"center\">37<\/p>\n<\/td>\n<td style=\"background: #ffffff;\" bgcolor=\"#ffffff\" width=\"128\">\n<p class=\"western\" align=\"center\">64<\/p>\n<\/td>\n<td style=\"background: #ffffff;\" bgcolor=\"#ffffff\" width=\"127\">\n<p class=\"western\" align=\"center\">100<\/p>\n<\/td>\n<\/tr>\n<\/tbody>\n<\/table>\n<p>&nbsp;<\/p>\n<p style=\"text-align: left;\"><strong>TUBO EM A\u00c7O INOXID\u00c1VEL<\/strong><\/p>\n<table width=\"664\" cellspacing=\"0\" cellpadding=\"7\">\n<tbody>\n<tr>\n<td style=\"background: #f2f2f2;\" bgcolor=\"#f2f2f2\" width=\"254\" height=\"11\">\n<p align=\"center\"><b>MODELO<\/b><\/p>\n<\/td>\n<td style=\"background: #f2f2f2;\" colspan=\"2\" bgcolor=\"#f2f2f2\" width=\"380\">\n<p align=\"center\"><b>TEC INX<\/b><\/p>\n<\/td>\n<\/tr>\n<tr>\n<td style=\"background: #f2f2f2;\" rowspan=\"2\" bgcolor=\"#f2f2f2\" width=\"254\" height=\"11\">\n<p align=\"center\"><span style=\"font-size: small;\"><b>DADOS T\u00c9CNICOS<\/b><\/span><\/p>\n<\/td>\n<td style=\"background: #f2f2f2;\" bgcolor=\"#f2f2f2\" width=\"184\">\n<p align=\"center\">\uf0c6 <b>mm<\/b><\/p>\n<\/td>\n<td style=\"background: #f2f2f2;\" bgcolor=\"#f2f2f2\" width=\"183\">\n<p align=\"center\"><b>mm<\/b><\/p>\n<\/td>\n<\/tr>\n<tr>\n<td width=\"184\">\n<p align=\"center\">12<\/p>\n<\/td>\n<td width=\"183\">\n<p align=\"center\">1.5<\/p>\n<\/td>\n<\/tr>\n<\/tbody>\n<\/table>\n<p>&nbsp;<\/p>","protected":false},"featured_media":1228,"template":"","meta":[],"product_brand":[],"product_cat":[62],"product_tag":[41,44,42,43,45,24,46],"class_list":{"0":"post-1227","1":"product","2":"type-product","3":"status-publish","4":"has-post-thumbnail","6":"product_cat-products","7":"product_tag-arrefecimento","8":"product_tag-bombas-alta-pressao","9":"product_tag-calhas-em-aluminio","10":"product_tag-cooling-pad","11":"product_tag-injetores-em-aco-inoxidavel","12":"product_tag-tecsisel","13":"product_tag-tubo-em-aco-inoxidavel","15":"first","16":"instock","17":"shipping-taxable","18":"product-type-external"},"_links":{"self":[{"href":"https:\/\/tecsisel.com\/pt\/wp-json\/wp\/v2\/product\/1227","targetHints":{"allow":["GET"]}}],"collection":[{"href":"https:\/\/tecsisel.com\/pt\/wp-json\/wp\/v2\/product"}],"about":[{"href":"https:\/\/tecsisel.com\/pt\/wp-json\/wp\/v2\/types\/product"}],"wp:featuredmedia":[{"embeddable":true,"href":"https:\/\/tecsisel.com\/pt\/wp-json\/wp\/v2\/media\/1228"}],"wp:attachment":[{"href":"https:\/\/tecsisel.com\/pt\/wp-json\/wp\/v2\/media?parent=1227"}],"wp:term":[{"taxonomy":"product_brand","embeddable":true,"href":"https:\/\/tecsisel.com\/pt\/wp-json\/wp\/v2\/product_brand?post=1227"},{"taxonomy":"product_cat","embeddable":true,"href":"https:\/\/tecsisel.com\/pt\/wp-json\/wp\/v2\/product_cat?post=1227"},{"taxonomy":"product_tag","embeddable":true,"href":"https:\/\/tecsisel.com\/pt\/wp-json\/wp\/v2\/product_tag?post=1227"}],"curies":[{"name":"wp","href":"https:\/\/api.w.org\/{rel}","templated":true}]}}