{"id":1224,"date":"2021-06-08T14:44:00","date_gmt":"2021-06-08T14:44:00","guid":{"rendered":"https:\/\/tecsisel.com\/?post_type=product&#038;p=1224"},"modified":"2023-01-09T16:16:56","modified_gmt":"2023-01-09T16:16:56","slug":"water-air-heat-exchangers","status":"publish","type":"product","link":"https:\/\/tecsisel.com\/pt\/produto\/water-air-heat-exchangers\/","title":{"rendered":"Permutadores de Calor \u00c1gua\/Ar"},"content":{"rendered":"<p class=\"western\" align=\"justify\">Fabricados em fibra de vidro de alta qualidade, de grande efici\u00eancia energ\u00e9tica e f\u00e1cil limpeza a alta press\u00e3o. Distribui\u00e7\u00e3o uniforme de calor.<\/p>","protected":false},"excerpt":{"rendered":"<table style=\"background-color: transparent;\" width=\"616\" cellspacing=\"0\" cellpadding=\"7\">\n<tbody>\n<tr>\n<td style=\"background: #f2f2f2;\" colspan=\"2\" bgcolor=\"#f2f2f2\" width=\"204\" height=\"9\">\n<p class=\"western\" align=\"center\"><b>MODELO<\/b><\/p>\n<\/td>\n<td style=\"background: #f2f2f2;\" bgcolor=\"#f2f2f2\" width=\"85\">\n<p class=\"western\" align=\"center\"><b>TEC CV 30<\/b><\/p>\n<\/td>\n<td style=\"background: #f2f2f2;\" bgcolor=\"#f2f2f2\" width=\"85\">\n<p class=\"western\" align=\"center\"><b>TEC CV 60<\/b><\/p>\n<\/td>\n<td style=\"background: #f2f2f2;\" bgcolor=\"#f2f2f2\" width=\"85\">\n<p class=\"western\" align=\"center\"><b>TEC CV 75<\/b><\/p>\n<\/td>\n<td style=\"background: #f2f2f2;\" bgcolor=\"#f2f2f2\" width=\"84\">\n<p class=\"western\" align=\"center\"><b>TEC CV 90<\/b><\/p>\n<\/td>\n<\/tr>\n<tr>\n<td style=\"background: #f2f2f2;\" rowspan=\"3\" bgcolor=\"#f2f2f2\" width=\"138\" height=\"14\">\n<p class=\"western\" align=\"center\"><span style=\"font-size: small;\"><b>*MOTOR<\/b><\/span><\/p>\n<\/td>\n<td style=\"background: #f2f2f2;\" bgcolor=\"#f2f2f2\" width=\"52\">\n<p class=\"western\" align=\"center\"><b>Kw<\/b><\/p>\n<\/td>\n<td style=\"background: #ffffff;\" bgcolor=\"#ffffff\" width=\"85\">\n<p class=\"western\" align=\"center\">0.11<\/p>\n<\/td>\n<td style=\"background: #ffffff;\" bgcolor=\"#ffffff\" width=\"85\">\n<p class=\"western\" align=\"center\">0.26<\/p>\n<\/td>\n<td style=\"background: #ffffff;\" bgcolor=\"#ffffff\" width=\"85\">\n<p class=\"western\" align=\"center\">0.36<\/p>\n<\/td>\n<td style=\"background: #ffffff;\" bgcolor=\"#ffffff\" width=\"84\">\n<p class=\"western\" align=\"center\">0.47<\/p>\n<\/td>\n<\/tr>\n<tr>\n<td style=\"background: #f2f2f2;\" bgcolor=\"#f2f2f2\" width=\"52\">\n<p class=\"western\" align=\"center\"><b>V<\/b><\/p>\n<\/td>\n<td style=\"background: #ffffff;\" bgcolor=\"#ffffff\" width=\"85\">\n<p class=\"western\" align=\"center\">3&#215;400<\/p>\n<\/td>\n<td style=\"background: #ffffff;\" bgcolor=\"#ffffff\" width=\"85\">\n<p class=\"western\" align=\"center\">3 X 400<\/p>\n<\/td>\n<td style=\"background: #ffffff;\" bgcolor=\"#ffffff\" width=\"85\">\n<p class=\"western\" align=\"center\">3 X 400<\/p>\n<\/td>\n<td style=\"background: #ffffff;\" bgcolor=\"#ffffff\" width=\"84\">\n<p class=\"western\" align=\"center\">3 X 400<\/p>\n<\/td>\n<\/tr>\n<tr>\n<td style=\"background: #f2f2f2;\" bgcolor=\"#f2f2f2\" width=\"52\">\n<p class=\"western\" align=\"center\"><b>Rpm<\/b><\/p>\n<\/td>\n<td style=\"background: #ffffff;\" bgcolor=\"#ffffff\" width=\"85\">\n<p class=\"western\" align=\"center\">900<\/p>\n<\/td>\n<td style=\"background: #ffffff;\" bgcolor=\"#ffffff\" width=\"85\">\n<p class=\"western\" align=\"center\">900<\/p>\n<\/td>\n<td style=\"background: #ffffff;\" bgcolor=\"#ffffff\" width=\"85\">\n<p class=\"western\" align=\"center\">900<\/p>\n<\/td>\n<td style=\"background: #ffffff;\" bgcolor=\"#ffffff\" width=\"84\">\n<p class=\"western\" align=\"center\">900<\/p>\n<\/td>\n<\/tr>\n<tr>\n<td style=\"background: #f2f2f2;\" bgcolor=\"#f2f2f2\" width=\"138\" height=\"14\">\n<p class=\"western\" align=\"center\"><span style=\"font-size: small;\"><b>POT. CALORIFICA<\/b><\/span><\/p>\n<\/td>\n<td style=\"background: #f2f2f2;\" bgcolor=\"#f2f2f2\" width=\"52\">\n<p class=\"western\" align=\"center\"><b>KW<\/b><\/p>\n<\/td>\n<td style=\"background: #ffffff;\" bgcolor=\"#ffffff\" width=\"85\">\n<p class=\"western\" align=\"center\">30<\/p>\n<\/td>\n<td style=\"background: #ffffff;\" bgcolor=\"#ffffff\" width=\"85\">\n<p class=\"western\" align=\"center\">60<\/p>\n<\/td>\n<td style=\"background: #ffffff;\" bgcolor=\"#ffffff\" width=\"85\">\n<p class=\"western\" align=\"center\">75<\/p>\n<\/td>\n<td style=\"background: #ffffff;\" bgcolor=\"#ffffff\" width=\"84\">\n<p class=\"western\" align=\"center\">90<\/p>\n<\/td>\n<\/tr>\n<tr>\n<td style=\"background: #f2f2f2;\" bgcolor=\"#f2f2f2\" width=\"138\" height=\"14\">\n<p class=\"western\" align=\"center\"><span style=\"font-size: small;\"><b>CAP. VENTILADOR<\/b><\/span><\/p>\n<\/td>\n<td style=\"background: #f2f2f2;\" bgcolor=\"#f2f2f2\" width=\"52\">\n<p class=\"western\" align=\"center\"><b>m3\/h<\/b><\/p>\n<\/td>\n<td style=\"background: #ffffff;\" bgcolor=\"#ffffff\" width=\"85\">\n<p class=\"western\" align=\"center\">3.000<\/p>\n<\/td>\n<td style=\"background: #ffffff;\" bgcolor=\"#ffffff\" width=\"85\">\n<p class=\"western\" align=\"center\">6.000<\/p>\n<\/td>\n<td style=\"background: #ffffff;\" bgcolor=\"#ffffff\" width=\"85\">\n<p class=\"western\" align=\"center\">7.500<\/p>\n<\/td>\n<td style=\"background: #ffffff;\" bgcolor=\"#ffffff\" width=\"84\">\n<p class=\"western\" align=\"center\">9.000<\/p>\n<\/td>\n<\/tr>\n<tr>\n<td style=\"background: #f2f2f2;\" rowspan=\"4\" bgcolor=\"#f2f2f2\" width=\"138\" height=\"13\">\n<p class=\"western\" align=\"center\"><span style=\"font-size: small;\"><b>MEDIDAS<\/b><\/span><\/p>\n<\/td>\n<td style=\"background: #f2f2f2;\" bgcolor=\"#f2f2f2\" width=\"52\">\n<p class=\"western\" align=\"center\"><b>A (cm)<\/b><\/p>\n<\/td>\n<td style=\"background: #ffffff;\" bgcolor=\"#ffffff\" width=\"85\">\n<p class=\"western\" align=\"center\">75<\/p>\n<\/td>\n<td style=\"background: #ffffff;\" bgcolor=\"#ffffff\" width=\"85\">\n<p class=\"western\" align=\"center\">78<\/p>\n<\/td>\n<td style=\"background: #ffffff;\" bgcolor=\"#ffffff\" width=\"85\">\n<p class=\"western\" align=\"center\">80<\/p>\n<\/td>\n<td style=\"background: #ffffff;\" bgcolor=\"#ffffff\" width=\"84\">\n<p class=\"western\" align=\"center\">87.5<\/p>\n<\/td>\n<\/tr>\n<tr>\n<td style=\"background: #f2f2f2;\" bgcolor=\"#f2f2f2\" width=\"52\">\n<p class=\"western\" align=\"center\">\uf0c6 <b>(cm)<\/b><\/p>\n<\/td>\n<td style=\"background: #ffffff;\" bgcolor=\"#ffffff\" width=\"85\">\n<p class=\"western\" align=\"center\">70<\/p>\n<\/td>\n<td style=\"background: #ffffff;\" bgcolor=\"#ffffff\" width=\"85\">\n<p class=\"western\" align=\"center\">100<\/p>\n<\/td>\n<td style=\"background: #ffffff;\" bgcolor=\"#ffffff\" width=\"85\">\n<p class=\"western\" align=\"center\">110<\/p>\n<\/td>\n<td style=\"background: #ffffff;\" bgcolor=\"#ffffff\" width=\"84\">\n<p class=\"western\" align=\"center\">110<\/p>\n<\/td>\n<\/tr>\n<tr>\n<td style=\"background: #f2f2f2;\" bgcolor=\"#f2f2f2\" width=\"52\">\n<p class=\"western\" align=\"center\"><b>B (cm)<\/b><\/p>\n<\/td>\n<td style=\"background: #ffffff;\" bgcolor=\"#ffffff\" width=\"85\">\n<p class=\"western\" align=\"center\">35<\/p>\n<\/td>\n<td style=\"background: #ffffff;\" bgcolor=\"#ffffff\" width=\"85\">\n<p class=\"western\" align=\"center\">35<\/p>\n<\/td>\n<td style=\"background: #ffffff;\" bgcolor=\"#ffffff\" width=\"85\">\n<p class=\"western\" align=\"center\">37.5<\/p>\n<\/td>\n<td style=\"background: #ffffff;\" bgcolor=\"#ffffff\" width=\"84\">\n<p class=\"western\" align=\"center\">45<\/p>\n<\/td>\n<\/tr>\n<tr>\n<td style=\"background: #f2f2f2;\" bgcolor=\"#f2f2f2\" width=\"52\">\n<p class=\"western\" align=\"center\"><b>P ( &#8221; )<\/b><\/p>\n<\/td>\n<td style=\"background: #ffffff;\" bgcolor=\"#ffffff\" width=\"85\">\n<p class=\"western\" align=\"center\">1\u201d<\/p>\n<\/td>\n<td style=\"background: #ffffff;\" bgcolor=\"#ffffff\" width=\"85\">\n<p class=\"western\" align=\"center\">1&#8243;1\/2<\/p>\n<\/td>\n<td style=\"background: #ffffff;\" bgcolor=\"#ffffff\" width=\"85\">\n<p class=\"western\" align=\"center\">1&#8243;1\/2<\/p>\n<\/td>\n<td style=\"background: #ffffff;\" bgcolor=\"#ffffff\" width=\"84\">\n<p class=\"western\" align=\"center\">2\u201d<\/p>\n<\/td>\n<\/tr>\n<\/tbody>\n<\/table>\n<p style=\"text-align: left;\">*Pode ser fabricado noutras tens\u00f5es e frequ\u00eancias<\/p>\n<p>&nbsp;<\/p>","protected":false},"featured_media":1225,"template":"","meta":[],"product_brand":[],"product_cat":[62],"product_tag":[39,33,38,40,24],"class_list":{"0":"post-1224","1":"product","2":"type-product","3":"status-publish","4":"has-post-thumbnail","6":"product_cat-products","7":"product_tag-agua","8":"product_tag-ar","9":"product_tag-calor","10":"product_tag-permutadores","11":"product_tag-tecsisel","13":"first","14":"instock","15":"shipping-taxable","16":"product-type-external"},"_links":{"self":[{"href":"https:\/\/tecsisel.com\/pt\/wp-json\/wp\/v2\/product\/1224","targetHints":{"allow":["GET"]}}],"collection":[{"href":"https:\/\/tecsisel.com\/pt\/wp-json\/wp\/v2\/product"}],"about":[{"href":"https:\/\/tecsisel.com\/pt\/wp-json\/wp\/v2\/types\/product"}],"wp:featuredmedia":[{"embeddable":true,"href":"https:\/\/tecsisel.com\/pt\/wp-json\/wp\/v2\/media\/1225"}],"wp:attachment":[{"href":"https:\/\/tecsisel.com\/pt\/wp-json\/wp\/v2\/media?parent=1224"}],"wp:term":[{"taxonomy":"product_brand","embeddable":true,"href":"https:\/\/tecsisel.com\/pt\/wp-json\/wp\/v2\/product_brand?post=1224"},{"taxonomy":"product_cat","embeddable":true,"href":"https:\/\/tecsisel.com\/pt\/wp-json\/wp\/v2\/product_cat?post=1224"},{"taxonomy":"product_tag","embeddable":true,"href":"https:\/\/tecsisel.com\/pt\/wp-json\/wp\/v2\/product_tag?post=1224"}],"curies":[{"name":"wp","href":"https:\/\/api.w.org\/{rel}","templated":true}]}}