{"id":1221,"date":"2021-06-08T14:38:13","date_gmt":"2021-06-08T14:38:13","guid":{"rendered":"https:\/\/tecsisel.com\/?post_type=product&#038;p=1221"},"modified":"2023-01-09T16:17:35","modified_gmt":"2023-01-09T16:17:35","slug":"poultry-scales","status":"publish","type":"product","link":"https:\/\/tecsisel.com\/pt\/produto\/poultry-scales\/","title":{"rendered":"Balan\u00e7as de aves"},"content":{"rendered":"<p class=\"western\" align=\"justify\">Balan\u00e7as em a\u00e7o inoxid\u00e1vel.<\/p>","protected":false},"excerpt":{"rendered":"<table style=\"background-color: transparent;\" width=\"664\" cellspacing=\"0\" cellpadding=\"7\">\n<tbody>\n<tr>\n<td style=\"background: #f2f2f2;\" colspan=\"2\" bgcolor=\"#f2f2f2\" width=\"181\">\n<p class=\"western\" align=\"center\"><b>MODELO<\/b><\/p>\n<\/td>\n<td style=\"background: #f2f2f2;\" bgcolor=\"#f2f2f2\" width=\"142\">\n<p class=\"western\" align=\"center\"><b>TEC BIP P25 70<\/b><\/p>\n<\/td>\n<td style=\"background: #f2f2f2;\" valign=\"top\" bgcolor=\"#f2f2f2\" width=\"142\">\n<p class=\"western\" align=\"center\"><b>TEC BIP P25 80<\/b><\/p>\n<\/td>\n<td style=\"background: #f2f2f2;\" valign=\"top\" bgcolor=\"#f2f2f2\" width=\"141\">\n<p class=\"western\" align=\"center\"><b>TEC BIP P25 90<\/b><\/p>\n<\/td>\n<\/tr>\n<tr>\n<td style=\"background: #f2f2f2;\" bgcolor=\"#f2f2f2\" width=\"106\">\n<p class=\"western\" align=\"center\"><span style=\"font-size: small;\"><b>CAPACIDADE<\/b><\/span><\/p>\n<\/td>\n<td style=\"background: #f2f2f2;\" bgcolor=\"#f2f2f2\" width=\"62\">\n<p class=\"western\" align=\"center\"><b>Kg<sub>max:<\/sub><\/b><\/p>\n<\/td>\n<td width=\"142\">\n<p class=\"western\" align=\"center\">25<\/p>\n<\/td>\n<td width=\"142\">\n<p class=\"western\" align=\"center\">25<\/p>\n<\/td>\n<td width=\"141\">\n<p class=\"western\" align=\"center\">25<\/p>\n<\/td>\n<\/tr>\n<tr>\n<td style=\"background: #f2f2f2;\" rowspan=\"3\" bgcolor=\"#f2f2f2\" width=\"106\">\n<p class=\"western\" align=\"center\"><span style=\"font-size: small;\"><b>MEDIDAS<\/b><\/span><\/p>\n<\/td>\n<td style=\"background: #f2f2f2;\" bgcolor=\"#f2f2f2\" width=\"62\">\n<p class=\"western\" align=\"center\"><b>A (cm)<\/b><\/p>\n<\/td>\n<td width=\"142\">\n<p class=\"western\" align=\"center\">70<\/p>\n<\/td>\n<td width=\"142\">\n<p class=\"western\" align=\"center\">80<\/p>\n<\/td>\n<td width=\"141\">\n<p class=\"western\" align=\"center\">90<\/p>\n<\/td>\n<\/tr>\n<tr>\n<td style=\"background: #f2f2f2;\" bgcolor=\"#f2f2f2\" width=\"62\">\n<p class=\"western\" align=\"center\"><b>L (cm)<\/b><\/p>\n<\/td>\n<td width=\"142\">\n<p class=\"western\" align=\"center\">310<\/p>\n<\/td>\n<td width=\"142\">\n<p class=\"western\" align=\"center\">310<\/p>\n<\/td>\n<td width=\"141\">\n<p class=\"western\" align=\"center\">310<\/p>\n<\/td>\n<\/tr>\n<tr>\n<td style=\"background: #f2f2f2;\" bgcolor=\"#f2f2f2\" width=\"62\">\n<p class=\"western\" align=\"center\"><b>C (cm)<\/b><\/p>\n<\/td>\n<td width=\"142\">\n<p class=\"western\" align=\"center\">450<\/p>\n<\/td>\n<td width=\"142\">\n<p class=\"western\" align=\"center\">450<\/p>\n<\/td>\n<td width=\"141\">\n<p class=\"western\" align=\"center\">450<\/p>\n<\/td>\n<\/tr>\n<\/tbody>\n<\/table>\n<p>&nbsp;<\/p>","protected":false},"featured_media":1222,"template":"","meta":[],"product_brand":[],"product_cat":[62],"product_tag":[33,37,24],"class_list":{"0":"post-1221","1":"product","2":"type-product","3":"status-publish","4":"has-post-thumbnail","6":"product_cat-products","7":"product_tag-ar","8":"product_tag-balancas","9":"product_tag-tecsisel","11":"first","12":"instock","13":"shipping-taxable","14":"product-type-external"},"_links":{"self":[{"href":"https:\/\/tecsisel.com\/pt\/wp-json\/wp\/v2\/product\/1221","targetHints":{"allow":["GET"]}}],"collection":[{"href":"https:\/\/tecsisel.com\/pt\/wp-json\/wp\/v2\/product"}],"about":[{"href":"https:\/\/tecsisel.com\/pt\/wp-json\/wp\/v2\/types\/product"}],"wp:featuredmedia":[{"embeddable":true,"href":"https:\/\/tecsisel.com\/pt\/wp-json\/wp\/v2\/media\/1222"}],"wp:attachment":[{"href":"https:\/\/tecsisel.com\/pt\/wp-json\/wp\/v2\/media?parent=1221"}],"wp:term":[{"taxonomy":"product_brand","embeddable":true,"href":"https:\/\/tecsisel.com\/pt\/wp-json\/wp\/v2\/product_brand?post=1221"},{"taxonomy":"product_cat","embeddable":true,"href":"https:\/\/tecsisel.com\/pt\/wp-json\/wp\/v2\/product_cat?post=1221"},{"taxonomy":"product_tag","embeddable":true,"href":"https:\/\/tecsisel.com\/pt\/wp-json\/wp\/v2\/product_tag?post=1221"}],"curies":[{"name":"wp","href":"https:\/\/api.w.org\/{rel}","templated":true}]}}