{"id":1207,"date":"2021-06-08T13:55:20","date_gmt":"2021-06-08T13:55:20","guid":{"rendered":"https:\/\/tecsisel.com\/?post_type=product&#038;p=1207"},"modified":"2023-01-09T16:19:34","modified_gmt":"2023-01-09T16:19:34","slug":"air-recirculation-fan","status":"publish","type":"product","link":"https:\/\/tecsisel.com\/pt\/produto\/air-recirculation-fan\/","title":{"rendered":"Ventilador de recircula\u00e7\u00e3o de ar"},"content":{"rendered":"<p class=\"western\" align=\"justify\">Fabricados em fibra de vidro de alta qualidade, grande efici\u00eancia energ\u00e9tica e f\u00e1cil limpeza.<\/p>","protected":false},"excerpt":{"rendered":"<table style=\"background-color: transparent;\" width=\"390\" cellspacing=\"0\" cellpadding=\"7\">\n<tbody>\n<tr valign=\"top\">\n<td style=\"background: #f2f2f2;\" colspan=\"2\" bgcolor=\"#f2f2f2\" width=\"181\">\n<p class=\"western\" align=\"center\"><b>MODELO<\/b><\/p>\n<\/td>\n<td style=\"background: #f2f2f2;\" bgcolor=\"#f2f2f2\" width=\"179\">\n<p class=\"western\" align=\"center\"><b>TEC VTM 8FV \/ TEC VTM 8FH<\/b><\/p>\n<\/td>\n<\/tr>\n<tr>\n<td style=\"background: #f2f2f2;\" rowspan=\"3\" bgcolor=\"#f2f2f2\" width=\"106\">\n<p class=\"western\" align=\"center\"><span style=\"font-size: small;\"><b>*MOTOR<\/b><\/span><\/p>\n<\/td>\n<td style=\"background: #f2f2f2;\" bgcolor=\"#f2f2f2\" width=\"62\">\n<p class=\"western\" align=\"center\"><b>kw<\/b><\/p>\n<\/td>\n<td width=\"179\">\n<p class=\"western\" align=\"center\">0,36<\/p>\n<\/td>\n<\/tr>\n<tr>\n<td style=\"background: #f2f2f2;\" bgcolor=\"#f2f2f2\" width=\"62\">\n<p class=\"western\" align=\"center\"><b>V<\/b><\/p>\n<\/td>\n<td style=\"text-align: center;\" width=\"179\">3&#215;400<\/td>\n<\/tr>\n<tr>\n<td style=\"background: #f2f2f2;\" bgcolor=\"#f2f2f2\" width=\"62\">\n<p class=\"western\" align=\"center\"><b>rpm<\/b><\/p>\n<\/td>\n<td width=\"179\">\n<p class=\"western\" align=\"center\">900<\/p>\n<\/td>\n<\/tr>\n<tr>\n<td style=\"background: #f2f2f2;\" rowspan=\"2\" bgcolor=\"#f2f2f2\" width=\"106\">\n<p class=\"western\" align=\"center\"><span style=\"font-size: small;\"><b>CAPACIDADE<\/b><\/span><\/p>\n<\/td>\n<td style=\"background: #f2f2f2;\" bgcolor=\"#f2f2f2\" width=\"62\">\n<p class=\"western\" align=\"center\"><b>Pa<\/b><\/p>\n<\/td>\n<td width=\"179\">\n<p class=\"western\" align=\"center\">0<\/p>\n<\/td>\n<\/tr>\n<tr>\n<td style=\"background: #f2f2f2;\" bgcolor=\"#f2f2f2\" width=\"62\">\n<p class=\"western\" align=\"center\"><b>m3\/h<\/b><\/p>\n<\/td>\n<td width=\"179\">\n<p class=\"western\" align=\"center\">7.500<\/p>\n<\/td>\n<\/tr>\n<tr>\n<td style=\"background: #f2f2f2;\" rowspan=\"4\" bgcolor=\"#f2f2f2\" width=\"106\">\n<p class=\"western\" align=\"center\"><span style=\"font-size: small;\"><b>MEDIDAS<\/b><\/span><\/p>\n<\/td>\n<td style=\"background: #f2f2f2;\" bgcolor=\"#f2f2f2\" width=\"62\">\n<p class=\"western\" align=\"center\"><b>A (cm)<\/b><\/p>\n<\/td>\n<td width=\"179\">\n<p class=\"western\" align=\"center\">40<\/p>\n<\/td>\n<\/tr>\n<tr>\n<td style=\"background: #f2f2f2;\" bgcolor=\"#f2f2f2\" width=\"62\">\n<p class=\"western\" align=\"center\"><b>B (cm)<\/b><\/p>\n<\/td>\n<td width=\"179\">\n<p class=\"western\" align=\"center\">20<\/p>\n<\/td>\n<\/tr>\n<tr>\n<td style=\"background: #f2f2f2;\" bgcolor=\"#f2f2f2\" width=\"62\">\n<p class=\"western\" align=\"center\">\uf0c6<b>1 (cm)<\/b><\/p>\n<\/td>\n<td width=\"179\">\n<p class=\"western\" align=\"center\">60<\/p>\n<\/td>\n<\/tr>\n<tr>\n<td style=\"background: #f2f2f2;\" bgcolor=\"#f2f2f2\" width=\"62\">\n<p class=\"western\" align=\"center\">\uf0c6<b>2 (cm)<\/b><\/p>\n<\/td>\n<td width=\"179\">\n<p class=\"western\" align=\"center\">70<\/p>\n<\/td>\n<\/tr>\n<\/tbody>\n<\/table>\n<p>*Pode ser fabricado noutras tens\u00f5es e frequ\u00eancias<\/p>","protected":false},"featured_media":1208,"template":"","meta":[],"product_brand":[],"product_cat":[62],"product_tag":[33,32,24,27],"class_list":{"0":"post-1207","1":"product","2":"type-product","3":"status-publish","4":"has-post-thumbnail","6":"product_cat-products","7":"product_tag-ar","8":"product_tag-recirculacao","9":"product_tag-tecsisel","10":"product_tag-ventiladores","12":"first","13":"instock","14":"shipping-taxable","15":"product-type-external"},"_links":{"self":[{"href":"https:\/\/tecsisel.com\/pt\/wp-json\/wp\/v2\/product\/1207","targetHints":{"allow":["GET"]}}],"collection":[{"href":"https:\/\/tecsisel.com\/pt\/wp-json\/wp\/v2\/product"}],"about":[{"href":"https:\/\/tecsisel.com\/pt\/wp-json\/wp\/v2\/types\/product"}],"wp:featuredmedia":[{"embeddable":true,"href":"https:\/\/tecsisel.com\/pt\/wp-json\/wp\/v2\/media\/1208"}],"wp:attachment":[{"href":"https:\/\/tecsisel.com\/pt\/wp-json\/wp\/v2\/media?parent=1207"}],"wp:term":[{"taxonomy":"product_brand","embeddable":true,"href":"https:\/\/tecsisel.com\/pt\/wp-json\/wp\/v2\/product_brand?post=1207"},{"taxonomy":"product_cat","embeddable":true,"href":"https:\/\/tecsisel.com\/pt\/wp-json\/wp\/v2\/product_cat?post=1207"},{"taxonomy":"product_tag","embeddable":true,"href":"https:\/\/tecsisel.com\/pt\/wp-json\/wp\/v2\/product_tag?post=1207"}],"curies":[{"name":"wp","href":"https:\/\/api.w.org\/{rel}","templated":true}]}}