{"id":1196,"date":"2021-06-01T16:51:59","date_gmt":"2021-06-01T16:51:59","guid":{"rendered":"https:\/\/tecsisel.com\/?post_type=product&#038;p=1196"},"modified":"2023-01-09T16:19:56","modified_gmt":"2023-01-09T16:19:56","slug":"ceiling-fans","status":"publish","type":"product","link":"https:\/\/tecsisel.com\/pt\/produto\/ceiling-fans\/","title":{"rendered":"Ventiladores de teto"},"content":{"rendered":"<p class=\"western\" align=\"justify\">Fabricados em fibra de vidro de alta qualidade, grande efici\u00eancia energ\u00e9tica e f\u00e1cil limpeza.<\/p>","protected":false},"excerpt":{"rendered":"<table style=\"background-color: transparent;\" width=\"550\" cellspacing=\"0\" cellpadding=\"7\">\n<tbody>\n<tr>\n<td style=\"background: #f2f2f2;\" colspan=\"2\" bgcolor=\"#f2f2f2\" width=\"181\">\n<p class=\"western\" align=\"center\"><b>MODELO<\/b><\/p>\n<\/td>\n<td style=\"background: #f2f2f2;\" bgcolor=\"#f2f2f2\" width=\"104\">\n<p class=\"western\" align=\"center\"><span style=\"font-size: small;\"><b>TEC VTT 15<\/b><\/span><\/p>\n<\/td>\n<td style=\"background: #f2f2f2;\" bgcolor=\"#f2f2f2\" width=\"104\">\n<p class=\"western\" align=\"center\"><span style=\"font-size: small;\"><b>TEC VTT 18<\/b><\/span><\/p>\n<\/td>\n<td style=\"background: #f2f2f2;\" bgcolor=\"#f2f2f2\" width=\"103\">\n<p class=\"western\" align=\"center\"><span style=\"font-size: small;\"><b>TEC VTT 20<\/b><\/span><\/p>\n<\/td>\n<\/tr>\n<tr>\n<td style=\"background: #f2f2f2;\" rowspan=\"3\" bgcolor=\"#f2f2f2\" width=\"106\">\n<p class=\"western\" align=\"center\"><span style=\"font-size: small;\"><b>*MOTOR<\/b><\/span><\/p>\n<\/td>\n<td style=\"background: #f2f2f2;\" bgcolor=\"#f2f2f2\" width=\"62\">\n<p class=\"western\" align=\"center\"><span style=\"font-size: small;\"><b>kw<\/b><\/span><\/p>\n<\/td>\n<td width=\"104\">\n<p class=\"western\" align=\"center\"><span style=\"font-size: small;\">0,37<\/span><\/p>\n<\/td>\n<td width=\"104\">\n<p class=\"western\" align=\"center\"><span style=\"font-size: small;\">0,55<\/span><\/p>\n<\/td>\n<td width=\"103\">\n<p class=\"western\" align=\"center\"><span style=\"font-size: small;\">0,75<\/span><\/p>\n<\/td>\n<\/tr>\n<tr>\n<td style=\"background: #f2f2f2;\" bgcolor=\"#f2f2f2\" width=\"62\">\n<p class=\"western\" align=\"center\"><span style=\"font-size: small;\"><b>V<\/b><\/span><\/p>\n<\/td>\n<td width=\"104\">\n<p class=\"western\" align=\"center\"><span style=\"font-size: small;\">3 x 400<\/span><\/p>\n<\/td>\n<td width=\"104\">\n<p class=\"western\" align=\"center\"><span style=\"font-size: small;\">3 x 400<\/span><\/p>\n<\/td>\n<td width=\"103\">\n<p class=\"western\" align=\"center\"><span style=\"font-size: small;\">3 x 400<\/span><\/p>\n<\/td>\n<\/tr>\n<tr>\n<td style=\"background: #f2f2f2;\" bgcolor=\"#f2f2f2\" width=\"62\">\n<p class=\"western\" align=\"center\"><span style=\"font-size: small;\"><b>rpm<\/b><\/span><\/p>\n<\/td>\n<td width=\"104\">\n<p class=\"western\" align=\"center\"><span style=\"font-size: small;\">700<\/span><\/p>\n<\/td>\n<td width=\"104\">\n<p class=\"western\" align=\"center\"><span style=\"font-size: small;\">700<\/span><\/p>\n<\/td>\n<td width=\"103\">\n<p class=\"western\" align=\"center\"><span style=\"font-size: small;\">900<\/span><\/p>\n<\/td>\n<\/tr>\n<tr>\n<td style=\"background: #f2f2f2;\" rowspan=\"2\" bgcolor=\"#f2f2f2\" width=\"106\">\n<p class=\"western\" align=\"center\"><span style=\"font-size: small;\"><b>CAPACIDADE<\/b><\/span><\/p>\n<\/td>\n<td style=\"background: #f2f2f2;\" bgcolor=\"#f2f2f2\" width=\"62\">\n<p class=\"western\" align=\"center\"><span style=\"font-size: small;\"><b>Pa<\/b><\/span><\/p>\n<\/td>\n<td width=\"104\">\n<p class=\"western\" align=\"center\"><span style=\"font-size: small;\">20<\/span><\/p>\n<\/td>\n<td width=\"104\">\n<p class=\"western\" align=\"center\"><span style=\"font-size: small;\">20<\/span><\/p>\n<\/td>\n<td width=\"103\">\n<p class=\"western\" align=\"center\"><span style=\"font-size: small;\">20<\/span><\/p>\n<\/td>\n<\/tr>\n<tr>\n<td style=\"background: #f2f2f2;\" bgcolor=\"#f2f2f2\" width=\"62\">\n<p class=\"western\" align=\"center\"><span style=\"font-size: small;\"><b>m3\/h<\/b><\/span><\/p>\n<\/td>\n<td width=\"104\">\n<p class=\"western\" align=\"center\"><span style=\"font-size: small;\">15.000<\/span><\/p>\n<\/td>\n<td width=\"104\">\n<p class=\"western\" align=\"center\"><span style=\"font-size: small;\">18.000<\/span><\/p>\n<\/td>\n<td width=\"103\">\n<p class=\"western\" align=\"center\"><span style=\"font-size: small;\">20.000<\/span><\/p>\n<\/td>\n<\/tr>\n<tr>\n<td style=\"background: #f2f2f2;\" rowspan=\"2\" bgcolor=\"#f2f2f2\" width=\"106\">\n<p class=\"western\" align=\"center\"><span style=\"font-size: small;\"><b>MEDIDAS<\/b><\/span><\/p>\n<\/td>\n<td style=\"background: #f2f2f2;\" bgcolor=\"#f2f2f2\" width=\"62\">\n<p class=\"western\" align=\"center\"><span style=\"font-size: small;\"><b>A** (cm)<\/b><\/span><\/p>\n<\/td>\n<td width=\"104\">\n<p class=\"western\" align=\"center\"><span style=\"font-size: small;\">365<\/span><\/p>\n<\/td>\n<td width=\"104\">\n<p class=\"western\" align=\"center\"><span style=\"font-size: small;\">365<\/span><\/p>\n<\/td>\n<td width=\"103\">\n<p class=\"western\" align=\"center\"><span style=\"font-size: small;\">365<\/span><\/p>\n<\/td>\n<\/tr>\n<tr>\n<td style=\"background: #f2f2f2;\" bgcolor=\"#f2f2f2\" width=\"62\">\n<p class=\"western\" align=\"center\">\uf0c6 <span style=\"font-size: small;\"><b>(cm)<\/b><\/span><\/p>\n<\/td>\n<td width=\"104\">\n<p class=\"western\" align=\"center\"><span style=\"font-size: small;\">80<\/span><\/p>\n<\/td>\n<td width=\"104\">\n<p class=\"western\" align=\"center\"><span style=\"font-size: small;\">80<\/span><\/p>\n<\/td>\n<td width=\"103\">\n<p class=\"western\" align=\"center\"><span style=\"font-size: small;\">80<\/span><\/p>\n<\/td>\n<\/tr>\n<\/tbody>\n<\/table>\n<p>*Pode ser fabricado noutras tens\u00f5es e frequ\u00eancias.<\/p>\n<p>** Pode ser fabricado noutras dimens\u00f5es.<\/p>","protected":false},"featured_media":1197,"template":"","meta":[],"product_brand":[],"product_cat":[62],"product_tag":[24,31,27],"class_list":{"0":"post-1196","1":"product","2":"type-product","3":"status-publish","4":"has-post-thumbnail","6":"product_cat-products","7":"product_tag-tecsisel","8":"product_tag-teto","9":"product_tag-ventiladores","11":"first","12":"instock","13":"shipping-taxable","14":"product-type-external"},"_links":{"self":[{"href":"https:\/\/tecsisel.com\/pt\/wp-json\/wp\/v2\/product\/1196","targetHints":{"allow":["GET"]}}],"collection":[{"href":"https:\/\/tecsisel.com\/pt\/wp-json\/wp\/v2\/product"}],"about":[{"href":"https:\/\/tecsisel.com\/pt\/wp-json\/wp\/v2\/types\/product"}],"wp:featuredmedia":[{"embeddable":true,"href":"https:\/\/tecsisel.com\/pt\/wp-json\/wp\/v2\/media\/1197"}],"wp:attachment":[{"href":"https:\/\/tecsisel.com\/pt\/wp-json\/wp\/v2\/media?parent=1196"}],"wp:term":[{"taxonomy":"product_brand","embeddable":true,"href":"https:\/\/tecsisel.com\/pt\/wp-json\/wp\/v2\/product_brand?post=1196"},{"taxonomy":"product_cat","embeddable":true,"href":"https:\/\/tecsisel.com\/pt\/wp-json\/wp\/v2\/product_cat?post=1196"},{"taxonomy":"product_tag","embeddable":true,"href":"https:\/\/tecsisel.com\/pt\/wp-json\/wp\/v2\/product_tag?post=1196"}],"curies":[{"name":"wp","href":"https:\/\/api.w.org\/{rel}","templated":true}]}}