{"id":1192,"date":"2021-06-01T16:33:19","date_gmt":"2021-06-01T16:33:19","guid":{"rendered":"https:\/\/tecsisel.com\/?post_type=product&#038;p=1192"},"modified":"2023-01-09T16:20:22","modified_gmt":"2023-01-09T16:20:22","slug":"shutters-grilles","status":"publish","type":"product","link":"https:\/\/tecsisel.com\/pt\/produto\/shutters-grilles\/","title":{"rendered":"Persianas \/ grelhas"},"content":{"rendered":"<p>Persianas em alum\u00ednio e PVC, baixa manuten\u00e7\u00e3o, elevada durabilidade e f\u00e1cil limpeza.<\/p>\n<p>Grelhas em a\u00e7o inoxid\u00e1vel, baixa manuten\u00e7\u00e3o, elevada durabilidade e f\u00e1cil limpeza.<\/p>","protected":false},"excerpt":{"rendered":"<p><strong>PERSIANAS:<\/strong><\/p>\n<table width=\"614\" cellspacing=\"0\" cellpadding=\"7\">\n<tbody>\n<tr>\n<td style=\"background: #f2f2f2;\" colspan=\"2\" bgcolor=\"#f2f2f2\" width=\"233\">\n<p class=\"western\" align=\"center\"><b>MODELO<\/b><\/p>\n<\/td>\n<td style=\"background: #f2f2f2;\" bgcolor=\"#f2f2f2\" width=\"169\">\n<p class=\"western\" align=\"center\"><b>TEC PS 15\/18\/20<\/b><\/p>\n<\/td>\n<td style=\"background: #f2f2f2;\" bgcolor=\"#f2f2f2\" width=\"168\">\n<p class=\"western\" align=\"center\"><b>TEC PS 50<\/b><\/p>\n<\/td>\n<\/tr>\n<tr>\n<td style=\"background: #f2f2f2;\" rowspan=\"2\" bgcolor=\"#f2f2f2\" width=\"129\">\n<p class=\"western\" align=\"center\"><span style=\"font-size: small;\"><b>MEDIDAS<\/b><\/span><\/p>\n<\/td>\n<td style=\"background: #f2f2f2;\" bgcolor=\"#f2f2f2\" width=\"91\">\n<p class=\"western\" align=\"center\"><b>A (cm)<\/b><\/p>\n<\/td>\n<td width=\"169\">\n<p class=\"western\" align=\"center\">87,2<\/p>\n<\/td>\n<td width=\"168\">\n<p class=\"western\" align=\"center\">149<\/p>\n<\/td>\n<\/tr>\n<tr>\n<td style=\"background: #f2f2f2;\" bgcolor=\"#f2f2f2\" width=\"91\">\n<p class=\"western\" align=\"center\"><b>C (cm)<\/b><\/p>\n<\/td>\n<td width=\"169\">\n<p class=\"western\" align=\"center\">87,2<\/p>\n<\/td>\n<td width=\"168\">\n<p class=\"western\" align=\"center\">149<\/p>\n<\/td>\n<\/tr>\n<tr>\n<td style=\"background: #f2f2f2;\" rowspan=\"2\" bgcolor=\"#f2f2f2\" width=\"129\">\n<p class=\"western\" align=\"center\"><span style=\"font-size: small;\"><b>TIPO<\/b><\/span><\/p>\n<\/td>\n<td style=\"background: #f2f2f2;\" bgcolor=\"#f2f2f2\" width=\"91\">\n<p class=\"western\" align=\"center\"><b>PVC<\/b><\/p>\n<\/td>\n<td width=\"169\">\n<p class=\"western\" align=\"center\">\u221a<\/p>\n<\/td>\n<td width=\"168\"><\/td>\n<\/tr>\n<tr>\n<td style=\"background: #f2f2f2;\" bgcolor=\"#f2f2f2\" width=\"91\">\n<p class=\"western\" align=\"center\"><b>Al<\/b><\/p>\n<\/td>\n<td width=\"169\">\n<p class=\"western\" align=\"center\">\u221a<\/p>\n<\/td>\n<td width=\"168\">\n<p class=\"western\" align=\"center\">\u221a<\/p>\n<\/td>\n<\/tr>\n<\/tbody>\n<\/table>\n<p>&nbsp;<\/p>\n<p><strong>GRELHAS:<\/strong><\/p>\n<table width=\"659\" cellspacing=\"0\" cellpadding=\"7\">\n<tbody>\n<tr>\n<td style=\"background: #f2f2f2;\" bgcolor=\"#f2f2f2\" width=\"205\">\n<p class=\"western\" align=\"center\"><b>MODELO<\/b><\/p>\n<\/td>\n<td style=\"background: #f2f2f2;\" colspan=\"2\" bgcolor=\"#f2f2f2\" width=\"206\">\n<p class=\"western\" align=\"center\"><b>TEC VTC 15\/18\/20 GR<\/b><\/p>\n<\/td>\n<td style=\"background: #f2f2f2;\" colspan=\"2\" bgcolor=\"#f2f2f2\" width=\"205\">\n<p class=\"western\" lang=\"fr-FR\" align=\"center\"><b>TEC VT V15\/18\/20 GR<\/b><\/p>\n<\/td>\n<\/tr>\n<tr>\n<td style=\"background: #ffffff;\" bgcolor=\"#ffffff\" width=\"205\">\n<p class=\"western\" align=\"center\"><b><span style=\"font-size: small;\">MEDIDAS<\/span><\/b><\/p>\n<\/td>\n<td width=\"96\">\n<p class=\"western\" align=\"center\">\uf0c6 <b>(cm)<\/b><\/p>\n<\/td>\n<td width=\"96\">\n<p class=\"western\" align=\"center\">102<\/p>\n<\/td>\n<td width=\"96\">\n<p class=\"western\" align=\"center\"><b>A (cm)<\/b><\/p>\n<\/td>\n<td width=\"95\">\n<p class=\"western\" align=\"center\">93<\/p>\n<\/td>\n<\/tr>\n<\/tbody>\n<\/table>","protected":false},"featured_media":1193,"template":"","meta":[],"product_brand":[],"product_cat":[62],"product_tag":[30,29,24],"class_list":{"0":"post-1192","1":"product","2":"type-product","3":"status-publish","4":"has-post-thumbnail","6":"product_cat-products","7":"product_tag-grelhas","8":"product_tag-persianas","9":"product_tag-tecsisel","11":"first","12":"instock","13":"shipping-taxable","14":"product-type-external"},"_links":{"self":[{"href":"https:\/\/tecsisel.com\/pt\/wp-json\/wp\/v2\/product\/1192","targetHints":{"allow":["GET"]}}],"collection":[{"href":"https:\/\/tecsisel.com\/pt\/wp-json\/wp\/v2\/product"}],"about":[{"href":"https:\/\/tecsisel.com\/pt\/wp-json\/wp\/v2\/types\/product"}],"wp:featuredmedia":[{"embeddable":true,"href":"https:\/\/tecsisel.com\/pt\/wp-json\/wp\/v2\/media\/1193"}],"wp:attachment":[{"href":"https:\/\/tecsisel.com\/pt\/wp-json\/wp\/v2\/media?parent=1192"}],"wp:term":[{"taxonomy":"product_brand","embeddable":true,"href":"https:\/\/tecsisel.com\/pt\/wp-json\/wp\/v2\/product_brand?post=1192"},{"taxonomy":"product_cat","embeddable":true,"href":"https:\/\/tecsisel.com\/pt\/wp-json\/wp\/v2\/product_cat?post=1192"},{"taxonomy":"product_tag","embeddable":true,"href":"https:\/\/tecsisel.com\/pt\/wp-json\/wp\/v2\/product_tag?post=1192"}],"curies":[{"name":"wp","href":"https:\/\/api.w.org\/{rel}","templated":true}]}}