{"id":1186,"date":"2021-06-01T14:43:26","date_gmt":"2021-06-01T14:43:26","guid":{"rendered":"https:\/\/tecsisel.com\/?post_type=product&#038;p=1186"},"modified":"2023-01-09T16:20:54","modified_gmt":"2023-01-09T16:20:54","slug":"wall-fans","status":"publish","type":"product","link":"https:\/\/tecsisel.com\/pt\/produto\/wall-fans\/","title":{"rendered":"Ventiladores de parede"},"content":{"rendered":"<p>Fabricados em fibra de vidro de alta qualidade, grande efici\u00eancia energ\u00e9tica e f\u00e1cil limpeza.<\/p>","protected":false},"excerpt":{"rendered":"<table style=\"background-color: transparent;\" width=\"664\" cellspacing=\"0\" cellpadding=\"7\">\n<tbody>\n<tr>\n<td style=\"background: #f2f2f2;\" colspan=\"2\" bgcolor=\"#f2f2f2\" width=\"181\">\n<p class=\"western\" style=\"text-align: center;\" align=\"center\"><b>MODELO<\/b><\/p>\n<p class=\"western\" style=\"text-align: center;\" align=\"center\"><b>Direct Drive<\/b><\/p>\n<\/td>\n<td style=\"background: #f2f2f2;\" bgcolor=\"#f2f2f2\" width=\"103\">\n<p class=\"western\" align=\"center\"><b>TEC VT <\/b><\/p>\n<p class=\"western\" align=\"center\"><b>15<\/b><\/p>\n<\/td>\n<td style=\"background: #f2f2f2;\" bgcolor=\"#f2f2f2\" width=\"103\">\n<p class=\"western\" align=\"center\"><b>TEC VT <\/b><\/p>\n<p class=\"western\" align=\"center\"><b>18<\/b><\/p>\n<\/td>\n<td style=\"background: #f2f2f2;\" bgcolor=\"#f2f2f2\" width=\"103\">\n<p class=\"western\" align=\"center\"><b>TEC VT <\/b><\/p>\n<p class=\"western\" align=\"center\"><b>20<\/b><\/p>\n<\/td>\n<td style=\"background: #f2f2f2;\" bgcolor=\"#f2f2f2\" width=\"102\">\n<p class=\"western\" align=\"center\"><b>TEC VT <\/b><\/p>\n<p class=\"western\" align=\"center\"><b>50<\/b><\/p>\n<\/td>\n<\/tr>\n<tr>\n<td style=\"background: #f2f2f2;\" rowspan=\"3\" bgcolor=\"#f2f2f2\" width=\"106\">\n<p class=\"western\" style=\"text-align: center;\" align=\"center\"><span style=\"font-size: small;\"><b>*MOTOR<\/b><\/span><\/p>\n<\/td>\n<td style=\"background: #f2f2f2;\" bgcolor=\"#f2f2f2\" width=\"62\">\n<p class=\"western\" align=\"center\"><b>kw<\/b><\/p>\n<\/td>\n<td width=\"103\">\n<p class=\"western\" align=\"center\">0,37<\/p>\n<\/td>\n<td width=\"103\">\n<p class=\"western\" align=\"center\">0,55<\/p>\n<\/td>\n<td style=\"background: transparent;\" width=\"103\">\n<p class=\"western\" align=\"center\">0,75<\/p>\n<\/td>\n<td width=\"102\">\n<p class=\"western\" align=\"center\">1,5<\/p>\n<\/td>\n<\/tr>\n<tr>\n<td style=\"background: #f2f2f2;\" bgcolor=\"#f2f2f2\" width=\"62\">\n<p class=\"western\" align=\"center\"><b>V<\/b><\/p>\n<\/td>\n<td width=\"103\">\n<p class=\"western\" align=\"center\">3 x 400<\/p>\n<\/td>\n<td width=\"103\">\n<p class=\"western\" align=\"center\">3 x 400<\/p>\n<\/td>\n<td style=\"background: transparent;\" width=\"103\">\n<p class=\"western\" align=\"center\">3 x 400<\/p>\n<\/td>\n<td width=\"102\">\n<p class=\"western\" align=\"center\">3 x 400<\/p>\n<\/td>\n<\/tr>\n<tr>\n<td style=\"background: #f2f2f2;\" bgcolor=\"#f2f2f2\" width=\"62\">\n<p class=\"western\" align=\"center\"><b>rpm<\/b><\/p>\n<\/td>\n<td width=\"103\">\n<p class=\"western\" align=\"center\">700<\/p>\n<\/td>\n<td width=\"103\">\n<p class=\"western\" align=\"center\">700<\/p>\n<\/td>\n<td style=\"background: transparent;\" width=\"103\">\n<p class=\"western\" align=\"center\">700<\/p>\n<\/td>\n<td width=\"102\">\n<p class=\"western\" align=\"center\">700<\/p>\n<\/td>\n<\/tr>\n<tr>\n<td style=\"background: #f2f2f2;\" rowspan=\"2\" bgcolor=\"#f2f2f2\" width=\"106\">\n<p class=\"western\" style=\"text-align: center;\" align=\"center\"><span style=\"font-size: small;\"><b>CAPACIDADE<\/b><\/span><\/p>\n<\/td>\n<td style=\"background: #f2f2f2;\" bgcolor=\"#f2f2f2\" width=\"62\">\n<p class=\"western\" align=\"center\"><b>Pa<\/b><\/p>\n<\/td>\n<td width=\"103\">\n<p class=\"western\" align=\"center\">20<\/p>\n<\/td>\n<td width=\"103\">\n<p class=\"western\" align=\"center\">20<\/p>\n<\/td>\n<td style=\"background: transparent;\" width=\"103\">\n<p class=\"western\" align=\"center\">20<\/p>\n<\/td>\n<td width=\"102\">\n<p class=\"western\" align=\"center\">20<\/p>\n<\/td>\n<\/tr>\n<tr>\n<td style=\"background: #f2f2f2;\" bgcolor=\"#f2f2f2\" width=\"62\">\n<p class=\"western\" align=\"center\"><b>m3\/h<\/b><\/p>\n<\/td>\n<td width=\"103\">\n<p class=\"western\" align=\"center\">15.000<\/p>\n<\/td>\n<td width=\"103\">\n<p class=\"western\" align=\"center\">18.000<\/p>\n<\/td>\n<td style=\"background: transparent;\" width=\"103\">\n<p class=\"western\" align=\"center\">20.000<\/p>\n<\/td>\n<td width=\"102\">\n<p class=\"western\" align=\"center\">50.000<\/p>\n<\/td>\n<\/tr>\n<tr>\n<td style=\"background: #f2f2f2;\" rowspan=\"3\" bgcolor=\"#f2f2f2\" width=\"106\">\n<p class=\"western\" style=\"text-align: center;\" align=\"center\"><span style=\"font-size: small;\"><b>MEDIDAS<\/b><\/span><\/p>\n<\/td>\n<td style=\"background: #f2f2f2;\" bgcolor=\"#f2f2f2\" width=\"62\">\n<p class=\"western\" align=\"center\"><b>A (cm)<\/b><\/p>\n<\/td>\n<td width=\"103\">\n<p class=\"western\" align=\"center\">92<\/p>\n<\/td>\n<td width=\"103\">\n<p class=\"western\" align=\"center\">92<\/p>\n<\/td>\n<td style=\"background: transparent;\" width=\"103\">\n<p class=\"western\" align=\"center\">92<\/p>\n<\/td>\n<td width=\"102\">\n<p class=\"western\" align=\"center\">155<\/p>\n<\/td>\n<\/tr>\n<tr>\n<td style=\"background: #f2f2f2;\" bgcolor=\"#f2f2f2\" width=\"62\">\n<p class=\"western\" align=\"center\"><b>L (cm)<\/b><\/p>\n<\/td>\n<td width=\"103\">\n<p class=\"western\" align=\"center\">92<\/p>\n<\/td>\n<td width=\"103\">\n<p class=\"western\" align=\"center\">92<\/p>\n<\/td>\n<td style=\"background: transparent;\" width=\"103\">\n<p class=\"western\" align=\"center\">92<\/p>\n<\/td>\n<td width=\"102\">\n<p class=\"western\" align=\"center\">155<\/p>\n<\/td>\n<\/tr>\n<tr>\n<td style=\"background: #f2f2f2;\" bgcolor=\"#f2f2f2\" width=\"62\">\n<p class=\"western\" align=\"center\"><b>C (cm)<\/b><\/p>\n<\/td>\n<td width=\"103\">\n<p class=\"western\" align=\"center\">120<\/p>\n<\/td>\n<td width=\"103\">\n<p class=\"western\" align=\"center\">120<\/p>\n<\/td>\n<td style=\"background: transparent;\" width=\"103\">\n<p class=\"western\" align=\"center\">120<\/p>\n<\/td>\n<td width=\"102\">\n<p class=\"western\" align=\"center\">135<\/p>\n<\/td>\n<\/tr>\n<\/tbody>\n<\/table>\n<p>*Pode ser fabricado noutras tens\u00f5es e frequ\u00eancias<\/p>","protected":false},"featured_media":1188,"template":"","meta":[],"product_brand":[],"product_cat":[62],"product_tag":[28,24,27],"class_list":{"0":"post-1186","1":"product","2":"type-product","3":"status-publish","4":"has-post-thumbnail","6":"product_cat-products","7":"product_tag-parede","8":"product_tag-tecsisel","9":"product_tag-ventiladores","11":"first","12":"instock","13":"shipping-taxable","14":"product-type-external"},"_links":{"self":[{"href":"https:\/\/tecsisel.com\/pt\/wp-json\/wp\/v2\/product\/1186","targetHints":{"allow":["GET"]}}],"collection":[{"href":"https:\/\/tecsisel.com\/pt\/wp-json\/wp\/v2\/product"}],"about":[{"href":"https:\/\/tecsisel.com\/pt\/wp-json\/wp\/v2\/types\/product"}],"wp:featuredmedia":[{"embeddable":true,"href":"https:\/\/tecsisel.com\/pt\/wp-json\/wp\/v2\/media\/1188"}],"wp:attachment":[{"href":"https:\/\/tecsisel.com\/pt\/wp-json\/wp\/v2\/media?parent=1186"}],"wp:term":[{"taxonomy":"product_brand","embeddable":true,"href":"https:\/\/tecsisel.com\/pt\/wp-json\/wp\/v2\/product_brand?post=1186"},{"taxonomy":"product_cat","embeddable":true,"href":"https:\/\/tecsisel.com\/pt\/wp-json\/wp\/v2\/product_cat?post=1186"},{"taxonomy":"product_tag","embeddable":true,"href":"https:\/\/tecsisel.com\/pt\/wp-json\/wp\/v2\/product_tag?post=1186"}],"curies":[{"name":"wp","href":"https:\/\/api.w.org\/{rel}","templated":true}]}}