{"id":857,"date":"2021-05-24T16:40:48","date_gmt":"2021-05-24T16:40:48","guid":{"rendered":"https:\/\/tecsisel.com\/?page_id=857"},"modified":"2023-01-09T15:46:10","modified_gmt":"2023-01-09T15:46:10","slug":"domotics","status":"publish","type":"page","link":"https:\/\/tecsisel.com\/pt\/domotics\/","title":{"rendered":"Dom\u00f3tica"},"content":{"rendered":"<div  data-label=\"Domotica\" data-id=\"content--1\" data-export-id=\"content-12\" data-category=\"content\" class=\"content-12 content-section content-section-spacing\" id=\"domotica\" style=\"background-color: rgb(255, 255, 255);\"><div  class=\"gridContainer\">  <div  class=\"row center-xs middle-xs\"> <div  class=\"col-sm-9\" data-type=\"column\"> <p  class=\"\" style=\"text-align: justify;\">Tenha o controlo da sua casa na ponta de um dedo\u2026<br >\nDesenvolvemos um conceito inovador para controlar e programar a sua casa de uma forma inteligente, pr\u00e1tica e eficaz, para um maior conforto, seguran\u00e7a e comodidade.<br >\nA dom\u00f3tica Tecsisel permite controlar individualmente, em cada divis\u00e3o da sua habita\u00e7\u00e3o, a temperatura, a ilumina\u00e7\u00e3o, o som ambiente e os estores. Permite ainda gerir inteligentemente para um menos consumo e um melhor desempenho a caldeira de aquecimento, o ar condicionado, a \u00e1gua, o sistema de rega, a piscina, a televis\u00e3o ou qualquer outro aparelho el\u00e9trico.<br >\nPermite, \u00e0 dist\u00e2ncia usando o telem\u00f3vel, com toda a comodidade, modificar par\u00e2metros, ativar ou desativar qualquer funcionalidade, abrir uma porta, acender uma luz, modificar temperaturas, detetar anomalias (invas\u00e3o de propriedade, fuga de g\u00e1s, falha de luz, etc.)<br >\nNo entanto, todos os sistemas instalados tamb\u00e9m funcionam manualmente. A visualiza\u00e7\u00e3o e modifica\u00e7\u00e3o de todos os dados referentes \u00e0s diversas divis\u00f5es da casa poder\u00e3o ser feitas atrav\u00e9s de uma consola t\u00e1ctil de f\u00e1cil utiliza\u00e7\u00e3o.<\/p><\/div> <\/div><\/div> <\/div><div  data-label=\"Fotografia Domotica\" data-id=\"content--2\" data-export-id=\"content-12\" data-category=\"content\" class=\"content-12 content-section content-section-spacing\" id=\"fotografia-domotica\" style=\"background-color: rgb(255, 255, 255); background-image: none;\"><div  class=\"gridContainer\">  <div  class=\"row center-xs middle-xs\"> <div  class=\"col-sm-9\" data-type=\"column\"> <img decoding=\"async\"  class=\"shadow-large\" src=\"https:\/\/tecsisel.com\/wp-content\/uploads\/2021\/05\/Domotica_Tecsisel_Imagem.jpg\" title=\"Dom\u00f3tica\" alt=\"Dom\u00f3tica\"><\/div> <\/div><\/div> <\/div>","protected":false},"excerpt":{"rendered":"<p>Have control of your home at your fingertips&#8230; We have developed an innovative concept to control and programme your home in an intelligent, practical and effective way, for greater comfort, security and convenience. Tecsisel home automation allows you to individually control the temperature, lighting, ambient sound and blinds in each room of your home. It&hellip; <br \/> <a class=\"read-more\" href=\"https:\/\/tecsisel.com\/pt\/domotics\/\">Read more<\/a><\/p>","protected":false},"author":3,"featured_media":0,"parent":0,"menu_order":0,"comment_status":"closed","ping_status":"closed","template":"pro\/page-templates\/full-width-page.php","meta":{"footnotes":""},"class_list":["post-857","page","type-page","status-publish","hentry"],"_links":{"self":[{"href":"https:\/\/tecsisel.com\/pt\/wp-json\/wp\/v2\/pages\/857","targetHints":{"allow":["GET"]}}],"collection":[{"href":"https:\/\/tecsisel.com\/pt\/wp-json\/wp\/v2\/pages"}],"about":[{"href":"https:\/\/tecsisel.com\/pt\/wp-json\/wp\/v2\/types\/page"}],"author":[{"embeddable":true,"href":"https:\/\/tecsisel.com\/pt\/wp-json\/wp\/v2\/users\/3"}],"replies":[{"embeddable":true,"href":"https:\/\/tecsisel.com\/pt\/wp-json\/wp\/v2\/comments?post=857"}],"version-history":[{"count":6,"href":"https:\/\/tecsisel.com\/pt\/wp-json\/wp\/v2\/pages\/857\/revisions"}],"predecessor-version":[{"id":1607,"href":"https:\/\/tecsisel.com\/pt\/wp-json\/wp\/v2\/pages\/857\/revisions\/1607"}],"wp:attachment":[{"href":"https:\/\/tecsisel.com\/pt\/wp-json\/wp\/v2\/media?parent=857"}],"curies":[{"name":"wp","href":"https:\/\/api.w.org\/{rel}","templated":true}]}}