{"id":851,"date":"2021-05-24T16:39:04","date_gmt":"2021-05-24T16:39:04","guid":{"rendered":"https:\/\/tecsisel.com\/?page_id=851"},"modified":"2023-01-09T15:35:46","modified_gmt":"2023-01-09T15:35:46","slug":"pig-farming","status":"publish","type":"page","link":"https:\/\/tecsisel.com\/pt\/pig-farming\/","title":{"rendered":"Suinicultura"},"content":{"rendered":"<div  data-label=\"Suinicultura\" data-id=\"content--1\" data-export-id=\"content-12\" data-category=\"content\" class=\"content-12 content-section content-section-spacing\" id=\"suinicultura\" style=\"background-color: rgb(255, 255, 255);\"><div  class=\"gridContainer\">  <div  class=\"row center-xs middle-xs\"> <div  class=\"col-sm-9\" data-type=\"column\"> <p  class=\"\" style=\"text-align: justify;\">Utilizando o conhecimento adquirido ao longo dos anos, adapt\u00e1mos os equipamentos av\u00edcolas para que pudessem ser usados tamb\u00e9m na suinicultura.\n<\/p><img decoding=\"async\"  class=\"shadow-large\" src=\"https:\/\/tecsisel.com\/wp-content\/uploads\/2021\/07\/Suinicultura_Pagina_Tecsisel.jpg\" title=\"Suinicultura\" alt=\"\"><\/div> <\/div><\/div> <\/div><div  data-label=\"Produtos\" data-id=\"woocommerce--1\" data-export-id=\"woocommerce-section-colored\" data-category=\"woocommerce\" class=\"woocommerce-section content-section content-section-spacing\" id=\"produtos\" style=\"background-color: rgb(255, 255, 255); background-image: none;\"><div  class=\"gridContainer\"> <div  class=\"row\"><div  data-type=\"column\" class=\"section-title-col\"> <h2  class=\"\"><span  style=\"color: rgb(0, 0, 0);\">Produtos Suinicultura<\/span><\/h2> <\/div> <\/div> <div  class=\"row\"> <div  data-content-shortcode=\"mesmerize_display_woocommerce_items class=&quot;card bottom-border-color1 no-padding no-shadow&quot; custom=&quot;true&quot; products_number=&quot;50&quot; categories=&quot;&quot; tags=&quot;&quot; order_by=&quot;null&quot; order=&quot;DESC&quot; products=&quot;1237,1227,1224,1219,1211,1207,1196,1186,1155&quot; \" data-editable=\"true\" data-type=\"row\" data-dynamic-columns=\"handled\"><div class=\"woocommerce in-section\">\n        <ul class=\"products columns-4\">\n\n        \n            <li class=\"col-md-3 col-sm-6 col-xs-12 in-page-section product type-product post-1237 status-publish first instock product_cat-products product_tag-sensores product_tag-sensors product_tag-tecsisel has-post-thumbnail shipping-taxable product-type-external\">\n\t\n    <div class=\"ope-woo-card-item card bottom-border-color1 no-padding no-shadow\">\n    \n    <a href=\"https:\/\/tecsisel.com\/pt\/produto\/sensors\/\" class=\"woocommerce-LoopProduct-link woocommerce-loop-product__link\">    <div class=\"ope-woo-card-header\">\n    <img loading=\"lazy\" decoding=\"async\" width=\"300\" height=\"300\" src=\"https:\/\/tecsisel.com\/wp-content\/uploads\/2021\/06\/Sensor_1_Tecsisel-300x300.jpg\" class=\"attachment-woocommerce_thumbnail size-woocommerce_thumbnail\" alt=\"ANEMOMETRO\" srcset=\"https:\/\/tecsisel.com\/wp-content\/uploads\/2021\/06\/Sensor_1_Tecsisel-300x300.jpg 300w, https:\/\/tecsisel.com\/wp-content\/uploads\/2021\/06\/Sensor_1_Tecsisel-150x150.jpg 150w, https:\/\/tecsisel.com\/wp-content\/uploads\/2021\/06\/Sensor_1_Tecsisel-100x100.jpg 100w\" sizes=\"auto, (max-width: 300px) 100vw, 300px\" \/>    <\/div>\n        <div class=\"ope-woo-card-content\">\n        <div class=\"ope-woo-card-content-section ope-woo-card-content-title\">\n        <h3 class=\"ope-card-product-tile\">Sensores<\/h3>\n    <\/div>\n        <div class=\"ope-woo-card-content-section ope-woo-card-content-categories\">\n        <a href=\"https:\/\/tecsisel.com\/pt\/categoria-produto\/products\/\" rel=\"tag\">Produtos<\/a>    <\/div>\n        <\/div>\n        <div class=\"ope-woo-card-footer\">\n    \n    <\/a><a href=\"https:\/\/tecsisel.com\/pt\/more-information\/\" aria-describedby=\"woocommerce_loop_add_to_cart_link_describedby_1237\" data-quantity=\"1\" class=\"button product_type_external\" data-product_id=\"1237\" data-product_sku=\"\" aria-label=\"MAIS INFORMA\u00c7\u00d5ES\" rel=\"nofollow\">MAIS INFORMA\u00c7\u00d5ES<\/a>\t<span id=\"woocommerce_loop_add_to_cart_link_describedby_1237\" class=\"screen-reader-text\">\n\t\t\t<\/span>\n    <\/div>\n        <\/div>\n    <\/li>\n\n        \n            <li class=\"col-md-3 col-sm-6 col-xs-12 in-page-section product type-product post-1227 status-publish instock product_cat-products product_tag-arrefecimento product_tag-bombas-alta-pressao product_tag-calhas-em-aluminio product_tag-cooling-pad product_tag-injetores-em-aco-inoxidavel product_tag-tecsisel product_tag-tubo-em-aco-inoxidavel has-post-thumbnail shipping-taxable product-type-external\">\n\t\n    <div class=\"ope-woo-card-item card bottom-border-color1 no-padding no-shadow\">\n    \n    <a href=\"https:\/\/tecsisel.com\/pt\/produto\/cooling-systems\/\" class=\"woocommerce-LoopProduct-link woocommerce-loop-product__link\">    <div class=\"ope-woo-card-header\">\n    <img loading=\"lazy\" decoding=\"async\" width=\"300\" height=\"300\" src=\"https:\/\/tecsisel.com\/wp-content\/uploads\/2021\/06\/Sistemas_Arrefecimento_Tecsisel-300x300.jpg\" class=\"attachment-woocommerce_thumbnail size-woocommerce_thumbnail\" alt=\"Sistemas de Arrefecimento\" srcset=\"https:\/\/tecsisel.com\/wp-content\/uploads\/2021\/06\/Sistemas_Arrefecimento_Tecsisel-300x300.jpg 300w, https:\/\/tecsisel.com\/wp-content\/uploads\/2021\/06\/Sistemas_Arrefecimento_Tecsisel-150x150.jpg 150w, https:\/\/tecsisel.com\/wp-content\/uploads\/2021\/06\/Sistemas_Arrefecimento_Tecsisel-100x100.jpg 100w\" sizes=\"auto, (max-width: 300px) 100vw, 300px\" \/>    <\/div>\n        <div class=\"ope-woo-card-content\">\n        <div class=\"ope-woo-card-content-section ope-woo-card-content-title\">\n        <h3 class=\"ope-card-product-tile\">Sistemas de arrefecimento<\/h3>\n    <\/div>\n        <div class=\"ope-woo-card-content-section ope-woo-card-content-categories\">\n        <a href=\"https:\/\/tecsisel.com\/pt\/categoria-produto\/products\/\" rel=\"tag\">Produtos<\/a>    <\/div>\n        <\/div>\n        <div class=\"ope-woo-card-footer\">\n    \n    <\/a><a href=\"https:\/\/tecsisel.com\/pt\/more-information\/\" aria-describedby=\"woocommerce_loop_add_to_cart_link_describedby_1227\" data-quantity=\"1\" class=\"button product_type_external\" data-product_id=\"1227\" data-product_sku=\"\" aria-label=\"MAIS INFORMA\u00c7\u00d5ES\" rel=\"nofollow\">MAIS INFORMA\u00c7\u00d5ES<\/a>\t<span id=\"woocommerce_loop_add_to_cart_link_describedby_1227\" class=\"screen-reader-text\">\n\t\t\t<\/span>\n    <\/div>\n        <\/div>\n    <\/li>\n\n        \n            <li class=\"col-md-3 col-sm-6 col-xs-12 in-page-section product type-product post-1224 status-publish instock product_cat-products product_tag-agua product_tag-ar product_tag-calor product_tag-permutadores product_tag-tecsisel has-post-thumbnail shipping-taxable product-type-external\">\n\t\n    <div class=\"ope-woo-card-item card bottom-border-color1 no-padding no-shadow\">\n    \n    <a href=\"https:\/\/tecsisel.com\/pt\/produto\/water-air-heat-exchangers\/\" class=\"woocommerce-LoopProduct-link woocommerce-loop-product__link\">    <div class=\"ope-woo-card-header\">\n    <img loading=\"lazy\" decoding=\"async\" width=\"300\" height=\"300\" src=\"https:\/\/tecsisel.com\/wp-content\/uploads\/2021\/06\/Permutadores_Tecsisel-300x300.jpg\" class=\"attachment-woocommerce_thumbnail size-woocommerce_thumbnail\" alt=\"Permutadores\" srcset=\"https:\/\/tecsisel.com\/wp-content\/uploads\/2021\/06\/Permutadores_Tecsisel-300x300.jpg 300w, https:\/\/tecsisel.com\/wp-content\/uploads\/2021\/06\/Permutadores_Tecsisel-150x150.jpg 150w, https:\/\/tecsisel.com\/wp-content\/uploads\/2021\/06\/Permutadores_Tecsisel-100x100.jpg 100w\" sizes=\"auto, (max-width: 300px) 100vw, 300px\" \/>    <\/div>\n        <div class=\"ope-woo-card-content\">\n        <div class=\"ope-woo-card-content-section ope-woo-card-content-title\">\n        <h3 class=\"ope-card-product-tile\">Permutadores de Calor \u00c1gua\/Ar<\/h3>\n    <\/div>\n        <div class=\"ope-woo-card-content-section ope-woo-card-content-categories\">\n        <a href=\"https:\/\/tecsisel.com\/pt\/categoria-produto\/products\/\" rel=\"tag\">Produtos<\/a>    <\/div>\n        <\/div>\n        <div class=\"ope-woo-card-footer\">\n    \n    <\/a><a href=\"https:\/\/tecsisel.com\/pt\/more-information\/\" aria-describedby=\"woocommerce_loop_add_to_cart_link_describedby_1224\" data-quantity=\"1\" class=\"button product_type_external\" data-product_id=\"1224\" data-product_sku=\"\" aria-label=\"MAIS INFORMA\u00c7\u00d5ES\" rel=\"nofollow\">MAIS INFORMA\u00c7\u00d5ES<\/a>\t<span id=\"woocommerce_loop_add_to_cart_link_describedby_1224\" class=\"screen-reader-text\">\n\t\t\t<\/span>\n    <\/div>\n        <\/div>\n    <\/li>\n\n        \n            <li class=\"col-md-3 col-sm-6 col-xs-12 in-page-section product type-product post-1219 status-publish last instock product_cat-products product_tag-ar product_tag-guinchos product_tag-tecsisel has-post-thumbnail shipping-taxable product-type-external\">\n\t\n    <div class=\"ope-woo-card-item card bottom-border-color1 no-padding no-shadow\">\n    \n    <a href=\"https:\/\/tecsisel.com\/pt\/produto\/ar-entrance-taps\/\" class=\"woocommerce-LoopProduct-link woocommerce-loop-product__link\">    <div class=\"ope-woo-card-header\">\n    <img loading=\"lazy\" decoding=\"async\" width=\"300\" height=\"300\" src=\"https:\/\/tecsisel.com\/wp-content\/uploads\/2021\/06\/Guinchos_Entrada_Ar_Tecsisel-300x300.jpg\" class=\"attachment-woocommerce_thumbnail size-woocommerce_thumbnail\" alt=\"Guinchos de Entrada de Ar\" srcset=\"https:\/\/tecsisel.com\/wp-content\/uploads\/2021\/06\/Guinchos_Entrada_Ar_Tecsisel-300x300.jpg 300w, https:\/\/tecsisel.com\/wp-content\/uploads\/2021\/06\/Guinchos_Entrada_Ar_Tecsisel-150x150.jpg 150w, https:\/\/tecsisel.com\/wp-content\/uploads\/2021\/06\/Guinchos_Entrada_Ar_Tecsisel-100x100.jpg 100w\" sizes=\"auto, (max-width: 300px) 100vw, 300px\" \/>    <\/div>\n        <div class=\"ope-woo-card-content\">\n        <div class=\"ope-woo-card-content-section ope-woo-card-content-title\">\n        <h3 class=\"ope-card-product-tile\">Guinchos de entrada de ar<\/h3>\n    <\/div>\n        <div class=\"ope-woo-card-content-section ope-woo-card-content-categories\">\n        <a href=\"https:\/\/tecsisel.com\/pt\/categoria-produto\/products\/\" rel=\"tag\">Produtos<\/a>    <\/div>\n        <\/div>\n        <div class=\"ope-woo-card-footer\">\n    \n    <\/a><a href=\"https:\/\/tecsisel.com\/pt\/more-information\/\" aria-describedby=\"woocommerce_loop_add_to_cart_link_describedby_1219\" data-quantity=\"1\" class=\"button product_type_external\" data-product_id=\"1219\" data-product_sku=\"\" aria-label=\"MAIS INFORMA\u00c7\u00d5ES\" rel=\"nofollow\">MAIS INFORMA\u00c7\u00d5ES<\/a>\t<span id=\"woocommerce_loop_add_to_cart_link_describedby_1219\" class=\"screen-reader-text\">\n\t\t\t<\/span>\n    <\/div>\n        <\/div>\n    <\/li>\n\n        \n            <li class=\"col-md-3 col-sm-6 col-xs-12 in-page-section product type-product post-1211 status-publish first instock product_cat-products product_tag-ar product_tag-entradas product_tag-tecsisel has-post-thumbnail shipping-taxable product-type-external\">\n\t\n    <div class=\"ope-woo-card-item card bottom-border-color1 no-padding no-shadow\">\n    \n    <a href=\"https:\/\/tecsisel.com\/pt\/produto\/air-intakes\/\" class=\"woocommerce-LoopProduct-link woocommerce-loop-product__link\">    <div class=\"ope-woo-card-header\">\n    <img loading=\"lazy\" decoding=\"async\" width=\"300\" height=\"300\" src=\"https:\/\/tecsisel.com\/wp-content\/uploads\/2021\/06\/Entradas_Ar_Tecsisel-300x300.jpg\" class=\"attachment-woocommerce_thumbnail size-woocommerce_thumbnail\" alt=\"Entradas Ar\" srcset=\"https:\/\/tecsisel.com\/wp-content\/uploads\/2021\/06\/Entradas_Ar_Tecsisel-300x300.jpg 300w, https:\/\/tecsisel.com\/wp-content\/uploads\/2021\/06\/Entradas_Ar_Tecsisel-150x150.jpg 150w, https:\/\/tecsisel.com\/wp-content\/uploads\/2021\/06\/Entradas_Ar_Tecsisel-100x100.jpg 100w\" sizes=\"auto, (max-width: 300px) 100vw, 300px\" \/>    <\/div>\n        <div class=\"ope-woo-card-content\">\n        <div class=\"ope-woo-card-content-section ope-woo-card-content-title\">\n        <h3 class=\"ope-card-product-tile\">Entradas de ar<\/h3>\n    <\/div>\n        <div class=\"ope-woo-card-content-section ope-woo-card-content-categories\">\n        <a href=\"https:\/\/tecsisel.com\/pt\/categoria-produto\/products\/\" rel=\"tag\">Produtos<\/a>    <\/div>\n        <\/div>\n        <div class=\"ope-woo-card-footer\">\n    \n    <\/a><a href=\"https:\/\/tecsisel.com\/pt\/more-information\/\" aria-describedby=\"woocommerce_loop_add_to_cart_link_describedby_1211\" data-quantity=\"1\" class=\"button product_type_external\" data-product_id=\"1211\" data-product_sku=\"\" aria-label=\"MAIS INFORMA\u00c7\u00d5ES\" rel=\"nofollow\">MAIS INFORMA\u00c7\u00d5ES<\/a>\t<span id=\"woocommerce_loop_add_to_cart_link_describedby_1211\" class=\"screen-reader-text\">\n\t\t\t<\/span>\n    <\/div>\n        <\/div>\n    <\/li>\n\n        \n            <li class=\"col-md-3 col-sm-6 col-xs-12 in-page-section product type-product post-1207 status-publish instock product_cat-products product_tag-ar product_tag-recirculacao product_tag-tecsisel product_tag-ventiladores has-post-thumbnail shipping-taxable product-type-external\">\n\t\n    <div class=\"ope-woo-card-item card bottom-border-color1 no-padding no-shadow\">\n    \n    <a href=\"https:\/\/tecsisel.com\/pt\/produto\/air-recirculation-fan\/\" class=\"woocommerce-LoopProduct-link woocommerce-loop-product__link\">    <div class=\"ope-woo-card-header\">\n    <img loading=\"lazy\" decoding=\"async\" width=\"300\" height=\"300\" src=\"https:\/\/tecsisel.com\/wp-content\/uploads\/2021\/06\/Ventiladores_Recirculacao_ar_Tecsisel-300x300.jpg\" class=\"attachment-woocommerce_thumbnail size-woocommerce_thumbnail\" alt=\"Ventiladores Recircula\u00e7\u00e3o de Ar\" srcset=\"https:\/\/tecsisel.com\/wp-content\/uploads\/2021\/06\/Ventiladores_Recirculacao_ar_Tecsisel-300x300.jpg 300w, https:\/\/tecsisel.com\/wp-content\/uploads\/2021\/06\/Ventiladores_Recirculacao_ar_Tecsisel-150x150.jpg 150w, https:\/\/tecsisel.com\/wp-content\/uploads\/2021\/06\/Ventiladores_Recirculacao_ar_Tecsisel-100x100.jpg 100w\" sizes=\"auto, (max-width: 300px) 100vw, 300px\" \/>    <\/div>\n        <div class=\"ope-woo-card-content\">\n        <div class=\"ope-woo-card-content-section ope-woo-card-content-title\">\n        <h3 class=\"ope-card-product-tile\">Ventilador de recircula\u00e7\u00e3o de ar<\/h3>\n    <\/div>\n        <div class=\"ope-woo-card-content-section ope-woo-card-content-categories\">\n        <a href=\"https:\/\/tecsisel.com\/pt\/categoria-produto\/products\/\" rel=\"tag\">Produtos<\/a>    <\/div>\n        <\/div>\n        <div class=\"ope-woo-card-footer\">\n    \n    <\/a><a href=\"https:\/\/tecsisel.com\/pt\/more-information\/\" aria-describedby=\"woocommerce_loop_add_to_cart_link_describedby_1207\" data-quantity=\"1\" class=\"button product_type_external\" data-product_id=\"1207\" data-product_sku=\"\" aria-label=\"MAIS INFORMA\u00c7\u00d5ES\" rel=\"nofollow\">MAIS INFORMA\u00c7\u00d5ES<\/a>\t<span id=\"woocommerce_loop_add_to_cart_link_describedby_1207\" class=\"screen-reader-text\">\n\t\t\t<\/span>\n    <\/div>\n        <\/div>\n    <\/li>\n\n        \n            <li class=\"col-md-3 col-sm-6 col-xs-12 in-page-section product type-product post-1196 status-publish instock product_cat-products product_tag-tecsisel product_tag-teto product_tag-ventiladores has-post-thumbnail shipping-taxable product-type-external\">\n\t\n    <div class=\"ope-woo-card-item card bottom-border-color1 no-padding no-shadow\">\n    \n    <a href=\"https:\/\/tecsisel.com\/pt\/produto\/ceiling-fans\/\" class=\"woocommerce-LoopProduct-link woocommerce-loop-product__link\">    <div class=\"ope-woo-card-header\">\n    <img loading=\"lazy\" decoding=\"async\" width=\"300\" height=\"300\" src=\"https:\/\/tecsisel.com\/wp-content\/uploads\/2021\/06\/Ventiladores_Teto_Tecsisel-300x300.jpg\" class=\"attachment-woocommerce_thumbnail size-woocommerce_thumbnail\" alt=\"Ventiladores Teto\" srcset=\"https:\/\/tecsisel.com\/wp-content\/uploads\/2021\/06\/Ventiladores_Teto_Tecsisel-300x300.jpg 300w, https:\/\/tecsisel.com\/wp-content\/uploads\/2021\/06\/Ventiladores_Teto_Tecsisel-150x150.jpg 150w, https:\/\/tecsisel.com\/wp-content\/uploads\/2021\/06\/Ventiladores_Teto_Tecsisel-100x100.jpg 100w\" sizes=\"auto, (max-width: 300px) 100vw, 300px\" \/>    <\/div>\n        <div class=\"ope-woo-card-content\">\n        <div class=\"ope-woo-card-content-section ope-woo-card-content-title\">\n        <h3 class=\"ope-card-product-tile\">Ventiladores de teto<\/h3>\n    <\/div>\n        <div class=\"ope-woo-card-content-section ope-woo-card-content-categories\">\n        <a href=\"https:\/\/tecsisel.com\/pt\/categoria-produto\/products\/\" rel=\"tag\">Produtos<\/a>    <\/div>\n        <\/div>\n        <div class=\"ope-woo-card-footer\">\n    \n    <\/a><a href=\"https:\/\/tecsisel.com\/pt\/more-information\/\" aria-describedby=\"woocommerce_loop_add_to_cart_link_describedby_1196\" data-quantity=\"1\" class=\"button product_type_external\" data-product_id=\"1196\" data-product_sku=\"\" aria-label=\"MAIS INFORMA\u00c7\u00d5ES\" rel=\"nofollow\">MAIS INFORMA\u00c7\u00d5ES<\/a>\t<span id=\"woocommerce_loop_add_to_cart_link_describedby_1196\" class=\"screen-reader-text\">\n\t\t\t<\/span>\n    <\/div>\n        <\/div>\n    <\/li>\n\n        \n            <li class=\"col-md-3 col-sm-6 col-xs-12 in-page-section product type-product post-1186 status-publish last instock product_cat-products product_tag-parede product_tag-tecsisel product_tag-ventiladores has-post-thumbnail shipping-taxable product-type-external\">\n\t\n    <div class=\"ope-woo-card-item card bottom-border-color1 no-padding no-shadow\">\n    \n    <a href=\"https:\/\/tecsisel.com\/pt\/produto\/wall-fans\/\" class=\"woocommerce-LoopProduct-link woocommerce-loop-product__link\">    <div class=\"ope-woo-card-header\">\n    <img loading=\"lazy\" decoding=\"async\" width=\"300\" height=\"300\" src=\"https:\/\/tecsisel.com\/wp-content\/uploads\/2021\/06\/VENTILADORES_DE_PAREDE_Tecsisel-300x300.jpg\" class=\"attachment-woocommerce_thumbnail size-woocommerce_thumbnail\" alt=\"Ventiladores de Parede\" srcset=\"https:\/\/tecsisel.com\/wp-content\/uploads\/2021\/06\/VENTILADORES_DE_PAREDE_Tecsisel-300x300.jpg 300w, https:\/\/tecsisel.com\/wp-content\/uploads\/2021\/06\/VENTILADORES_DE_PAREDE_Tecsisel-150x150.jpg 150w, https:\/\/tecsisel.com\/wp-content\/uploads\/2021\/06\/VENTILADORES_DE_PAREDE_Tecsisel-100x100.jpg 100w\" sizes=\"auto, (max-width: 300px) 100vw, 300px\" \/>    <\/div>\n        <div class=\"ope-woo-card-content\">\n        <div class=\"ope-woo-card-content-section ope-woo-card-content-title\">\n        <h3 class=\"ope-card-product-tile\">Ventiladores de parede<\/h3>\n    <\/div>\n        <div class=\"ope-woo-card-content-section ope-woo-card-content-categories\">\n        <a href=\"https:\/\/tecsisel.com\/pt\/categoria-produto\/products\/\" rel=\"tag\">Produtos<\/a>    <\/div>\n        <\/div>\n        <div class=\"ope-woo-card-footer\">\n    \n    <\/a><a href=\"https:\/\/tecsisel.com\/pt\/more-information\/\" aria-describedby=\"woocommerce_loop_add_to_cart_link_describedby_1186\" data-quantity=\"1\" class=\"button product_type_external\" data-product_id=\"1186\" data-product_sku=\"\" aria-label=\"MAIS INFORMA\u00c7\u00d5ES\" rel=\"nofollow\">MAIS INFORMA\u00c7\u00d5ES<\/a>\t<span id=\"woocommerce_loop_add_to_cart_link_describedby_1186\" class=\"screen-reader-text\">\n\t\t\t<\/span>\n    <\/div>\n        <\/div>\n    <\/li>\n\n        \n            <li class=\"col-md-3 col-sm-6 col-xs-12 in-page-section product type-product post-1155 status-publish first instock product_cat-products product_tag-controlo product_tag-sistemas product_tag-tecsisel has-post-thumbnail shipping-taxable product-type-external\">\n\t\n    <div class=\"ope-woo-card-item card bottom-border-color1 no-padding no-shadow\">\n    \n    <a href=\"https:\/\/tecsisel.com\/pt\/produto\/control-systems\/\" class=\"woocommerce-LoopProduct-link woocommerce-loop-product__link\">    <div class=\"ope-woo-card-header\">\n    <img loading=\"lazy\" decoding=\"async\" width=\"300\" height=\"300\" src=\"https:\/\/tecsisel.com\/wp-content\/uploads\/2021\/06\/UNIDADE_DE_CONTROLO_Tecsisel-300x300.jpg\" class=\"attachment-woocommerce_thumbnail size-woocommerce_thumbnail\" alt=\"Unidades de Controlo\" srcset=\"https:\/\/tecsisel.com\/wp-content\/uploads\/2021\/06\/UNIDADE_DE_CONTROLO_Tecsisel-300x300.jpg 300w, https:\/\/tecsisel.com\/wp-content\/uploads\/2021\/06\/UNIDADE_DE_CONTROLO_Tecsisel-150x150.jpg 150w, https:\/\/tecsisel.com\/wp-content\/uploads\/2021\/06\/UNIDADE_DE_CONTROLO_Tecsisel-100x100.jpg 100w\" sizes=\"auto, (max-width: 300px) 100vw, 300px\" \/>    <\/div>\n        <div class=\"ope-woo-card-content\">\n        <div class=\"ope-woo-card-content-section ope-woo-card-content-title\">\n        <h3 class=\"ope-card-product-tile\">Sistemas de controlo<\/h3>\n    <\/div>\n        <div class=\"ope-woo-card-content-section ope-woo-card-content-categories\">\n        <a href=\"https:\/\/tecsisel.com\/pt\/categoria-produto\/products\/\" rel=\"tag\">Produtos<\/a>    <\/div>\n        <\/div>\n        <div class=\"ope-woo-card-footer\">\n    \n    <\/a><a href=\"https:\/\/tecsisel.com\/pt\/more-information\/\" aria-describedby=\"woocommerce_loop_add_to_cart_link_describedby_1155\" data-quantity=\"1\" class=\"button product_type_external\" data-product_id=\"1155\" data-product_sku=\"\" aria-label=\"MAIS INFORMA\u00c7\u00d5ES\" rel=\"nofollow\">MAIS INFORMA\u00c7\u00d5ES<\/a>\t<span id=\"woocommerce_loop_add_to_cart_link_describedby_1155\" class=\"screen-reader-text\">\n\t\t\t<\/span>\n    <\/div>\n        <\/div>\n    <\/li>\n\n        \n        <\/ul>\n\n        \n        <\/div><\/div><\/div> <div  class=\"row\"><div  class=\"text-center\"> <a  class=\"button color1 square\" data-attr-shortcode=\"href:mesmerize_woocommerce_shop_url\" href=\"https:\/\/tecsisel.com\/pt\/loja\/\" data-icon=\"\">TODOS OS PRODUTOS<\/a><\/div> <\/div><\/div><\/div>","protected":false},"excerpt":{"rendered":"<p>Using the knowledge acquired over the years, we have adapted the poultry farming equipment so that it can also be used in pig farming. Pig Farming products ALL THE PRODUCTS<\/p>","protected":false},"author":3,"featured_media":0,"parent":0,"menu_order":0,"comment_status":"closed","ping_status":"closed","template":"pro\/page-templates\/full-width-page.php","meta":{"footnotes":""},"class_list":["post-851","page","type-page","status-publish","hentry"],"_links":{"self":[{"href":"https:\/\/tecsisel.com\/pt\/wp-json\/wp\/v2\/pages\/851","targetHints":{"allow":["GET"]}}],"collection":[{"href":"https:\/\/tecsisel.com\/pt\/wp-json\/wp\/v2\/pages"}],"about":[{"href":"https:\/\/tecsisel.com\/pt\/wp-json\/wp\/v2\/types\/page"}],"author":[{"embeddable":true,"href":"https:\/\/tecsisel.com\/pt\/wp-json\/wp\/v2\/users\/3"}],"replies":[{"embeddable":true,"href":"https:\/\/tecsisel.com\/pt\/wp-json\/wp\/v2\/comments?post=851"}],"version-history":[{"count":11,"href":"https:\/\/tecsisel.com\/pt\/wp-json\/wp\/v2\/pages\/851\/revisions"}],"predecessor-version":[{"id":1597,"href":"https:\/\/tecsisel.com\/pt\/wp-json\/wp\/v2\/pages\/851\/revisions\/1597"}],"wp:attachment":[{"href":"https:\/\/tecsisel.com\/pt\/wp-json\/wp\/v2\/media?parent=851"}],"curies":[{"name":"wp","href":"https:\/\/api.w.org\/{rel}","templated":true}]}}