{"id":847,"date":"2021-05-24T16:35:59","date_gmt":"2021-05-24T16:35:59","guid":{"rendered":"https:\/\/tecsisel.com\/?page_id=847"},"modified":"2023-01-09T15:23:52","modified_gmt":"2023-01-09T15:23:52","slug":"mission-vission-and-values","status":"publish","type":"page","link":"https:\/\/tecsisel.com\/pt\/mission-vission-and-values\/","title":{"rendered":"Miss\u00e3o, Vis\u00e3o e Valores"},"content":{"rendered":"<div  data-label=\"Missao Visao Valores\" data-id=\"features--2\" data-export-id=\"features-13-card-bordered\" data-category=\"features\" class=\"features-13 content-section content-section-spacing\" id=\"missao-visao-valores\" style=\"background-color: rgb(255, 255, 255); background-image: none;\"><div  class=\"gridContainer\">  <div  class=\"row spaced-cols content-center-sm\" data-type=\"row\"> <div  class=\"col-sm-4\"> <div  class=\"card bordered y-move\" data-type=\"column\"> <i  class=\"fa icon fa-check reverse round big color1\"><\/i> <h4  class=\"\">Miss\u00e3o<\/h4> <p  class=\"\" style=\"text-align: justify;\">A miss\u00e3o da Tecsisel \u00e9 apresentar e desenvolver solu\u00e7\u00f5es para que o potencial cliente de hoje seja o cliente satisfeito de amanh\u00e3.<\/p> <\/div> <\/div> <div  class=\"col-sm-4\"> <div  class=\"card bordered y-move\" data-type=\"column\"> <i  class=\"fa icon fa-check reverse round big color1\"><\/i> <h4  class=\"\">Vis\u00e3o&nbsp;<\/h4> <p  class=\"\" style=\"text-align: justify;\">A nossa vis\u00e3o \u00e9 intensificada atrav\u00e9s do empenho no nosso trabalho, na constante evolu\u00e7\u00e3o e acompanhamento das novas tecnologias e na busca da perfei\u00e7\u00e3o para atingir o nosso objetivo.<br >\nSomos compostos por uma equipa de profissionais especializados que se dedicam a estudar, projetar e implementar solu\u00e7\u00f5es para automa\u00e7\u00e3o, avicultura, controlo de processos e dom\u00f3tica, prestando um servi\u00e7o de qualidade na assist\u00eancia p\u00f3s-venda dos seus produtos.<\/p> <\/div> <\/div> <div  class=\"col-sm-4\"> <div  class=\"card bordered y-move\" data-type=\"column\"> <i  class=\"fa icon fa-check reverse round big color1\"><\/i> <h4  class=\"\">Valores<\/h4> <p  class=\"\" style=\"text-align: justify;\">Os nossos valores assentam na inova\u00e7\u00e3o, qualidade dos produtos e servi\u00e7os e na credibilidade das solu\u00e7\u00f5es propostas e desenvolvidas a cada cliente.<\/p> <\/div> <\/div><\/div> <\/div><\/div>","protected":false},"excerpt":{"rendered":"<p>Mission Tecsisel mission is to present and develop solutions so that today&#8217;s potential customer is tomorrow&#8217;s satisfied customer. Vision&nbsp; Our vision is intensified through commitment to our work, constant evolution and monitoring of new technologies and the pursuit of perfection to achieve our goal. We are supported by a team of specialised professionals dedicated to&hellip; <br \/> <a class=\"read-more\" href=\"https:\/\/tecsisel.com\/pt\/mission-vission-and-values\/\">Read more<\/a><\/p>","protected":false},"author":3,"featured_media":0,"parent":0,"menu_order":0,"comment_status":"closed","ping_status":"closed","template":"pro\/page-templates\/full-width-page.php","meta":{"footnotes":""},"class_list":["post-847","page","type-page","status-publish","hentry"],"_links":{"self":[{"href":"https:\/\/tecsisel.com\/pt\/wp-json\/wp\/v2\/pages\/847","targetHints":{"allow":["GET"]}}],"collection":[{"href":"https:\/\/tecsisel.com\/pt\/wp-json\/wp\/v2\/pages"}],"about":[{"href":"https:\/\/tecsisel.com\/pt\/wp-json\/wp\/v2\/types\/page"}],"author":[{"embeddable":true,"href":"https:\/\/tecsisel.com\/pt\/wp-json\/wp\/v2\/users\/3"}],"replies":[{"embeddable":true,"href":"https:\/\/tecsisel.com\/pt\/wp-json\/wp\/v2\/comments?post=847"}],"version-history":[{"count":7,"href":"https:\/\/tecsisel.com\/pt\/wp-json\/wp\/v2\/pages\/847\/revisions"}],"predecessor-version":[{"id":1587,"href":"https:\/\/tecsisel.com\/pt\/wp-json\/wp\/v2\/pages\/847\/revisions\/1587"}],"wp:attachment":[{"href":"https:\/\/tecsisel.com\/pt\/wp-json\/wp\/v2\/media?parent=847"}],"curies":[{"name":"wp","href":"https:\/\/api.w.org\/{rel}","templated":true}]}}