{"id":806,"date":"2018-07-17T15:02:10","date_gmt":"2018-07-17T15:02:10","guid":{"rendered":"http:\/\/extendthemes.com\/demos\/mesmerize-pro-financial\/mesmerize-pro\/"},"modified":"2024-08-30T12:59:55","modified_gmt":"2024-08-30T12:59:55","slug":"mesmerize-pro","status":"publish","type":"page","link":"https:\/\/tecsisel.com\/pt\/","title":{"rendered":"P\u00e1gina inicial"},"content":{"rendered":"<div  data-label=\"Solucoes\" data-id=\"features--2\" data-export-id=\"features-16-card-bordered-colored\" data-category=\"features\" class=\"features-16-card-bordered-colored content-section content-section-spacing\" id=\"solucoes\" style=\"background-color: rgb(255, 255, 255); background-image: none;\"><div  class=\"gridContainer\"><div  data-section-title-area=\"true\" class=\"row text-center\">   <div  class=\"section-title-col\" data-type=\"column\">       <h2  class=\"\"><span  style=\"color: rgb(0, 0, 0);\">Solu\u00e7\u00f5es para o setor prim\u00e1rio<\/span><\/h2>       <p  class=\"lead\">Conhe\u00e7a a solu\u00e7\u00e3o ideal para o seu neg\u00f3cio<\/p>   <\/div><\/div>  <div  class=\"row spaced-cols\" data-type=\"row\"> <div  class=\"col-xs-12 col-sm-6 col-md-4\"> <div  class=\"card no-padding bottom-border-color1\"> <a data-cp-link=\"1\" href=\"https:\/\/tecsisel.com\/pt\/avicultura\/\" target=\"_self\" rel=\"noopener\"><img  decoding=\"async\" class=\"face\" src=\"https:\/\/tecsisel.com\/wp-content\/uploads\/2021\/05\/Avicultura_Destaque_inicio_Tecsisel.jpg\" title=\"Avicultura\" alt=\"\"><\/a> <div  data-type=\"column\" class=\"col-padding-small col-padding-small-xs description-container\"> <h4  class=\"font-500 color1\"><span  style=\"font-weight: 700;\">AVICULTURA<\/span><\/h4> <p  class=\"\">O sistema Tecsisel atua em tempo real baseando-se nas condi\u00e7\u00f5es ambientais exteriores e interiores, ajustando o controlo de todos os equipamentos por forma a obter as melhores condi\u00e7\u00f5es poss\u00edveis.<\/p><\/div> <div  data-type=\"column\" class=\"col-padding-small col-padding-small-xs read-more-container\"><a class=\"button small color1 square\" href=\"https:\/\/tecsisel.com\/pt\/poultry\/\" target=\"_self\" data-cp-link=\"1\" data-icon=\"\" rel=\"noopener\">SABER MAIS<\/a><\/div> <\/div><\/div>   <div  class=\"col-xs-12 col-sm-6 col-md-4\"> <div  class=\"card no-padding bottom-border-color1\"> <a data-cp-link=\"1\" href=\"https:\/\/tecsisel.com\/pt\/suinicultura\/\" target=\"_self\" rel=\"noopener\"><img  decoding=\"async\" class=\"face\" src=\"https:\/\/tecsisel.com\/wp-content\/uploads\/2021\/05\/Suinicultura_Destaque_inicio_Tecsisel.jpg\" title=\"Suinicultura\" alt=\"Suinicultura\"><\/a> <div  data-type=\"column\" class=\"col-padding-small col-padding-small-xs description-container\"> <h4  class=\"font-500 color1\"><span  style=\"font-weight: 700;\">SUINICULTURA<\/span><\/h4> <p  class=\"\">Utilizando o conhecimento adquirido ao longo dos anos, adapt\u00e1mos os equipamentos da avicultura para que pudessem ser utilizados tamb\u00e9m na suinicultura de forma eficiente e inovadora.<\/p><\/div> <div  data-type=\"column\" class=\"col-padding-small col-padding-small-xs read-more-container\"><a class=\"button small color1 square\" href=\"https:\/\/tecsisel.com\/pt\/pig-farming\/\" target=\"_self\" data-cp-link=\"1\" data-icon=\"\" rel=\"noopener\">SABER MAIS<\/a><\/div> <\/div><\/div><div  class=\"col-xs-12 col-sm-6 col-md-4\"> <div  class=\"card no-padding bottom-border-color1\"> <a data-cp-link=\"1\" href=\"https:\/\/tecsisel.com\/pt\/estufas\/\" target=\"_self\" rel=\"noopener\"><img  decoding=\"async\" class=\"face\" src=\"https:\/\/tecsisel.com\/wp-content\/uploads\/2021\/05\/Estufas_Destaque_inicio_Tecsisel.jpg\" title=\"Estufas\" alt=\"Estufas\"><\/a> <div  data-type=\"column\" class=\"col-padding-small col-padding-small-xs description-container\"> <h4  class=\"font-500 color1\"><b >ESTUFAS<\/b><\/h4> <p  class=\"\">Com uma vasta experi\u00eancia em controlo ambiental e em equipamentos, fornecemos solu\u00e7\u00f5es de grande qualidade, com produtos e equipamentos de vanguarda, inovadores e eficientes.<\/p><\/div> <div  data-type=\"column\" class=\"col-padding-small col-padding-small-xs read-more-container\"><a class=\"button small color1 square\" href=\"https:\/\/tecsisel.com\/pt\/greenhouses\/\" target=\"_self\" data-cp-link=\"1\" data-icon=\"\" rel=\"noopener\">SABER MAIS<\/a><\/div> <\/div><\/div><\/div><\/div> <\/div><div  data-label=\"Historia\" data-id=\"features-13\" data-export-id=\"features-13\" data-category=\"features\" class=\"features-13 content-section content-section-spacing white-text\" id=\"historia\" style=\"background-color: rgb(255, 255, 255); background-image: url(&quot;https:\/\/tecsisel.com\/wp-content\/uploads\/2021\/05\/Historia_Inicio_Tecsisel.jpg&quot;); background-size: cover; background-position: center top;\" data-section-ov=\"1\"> <div  class=\"gridContainer\">  <div  class=\"row spaced-cols\" data-type=\"row\"> <div  class=\"col col-sm-6 space-bottom col-md-6\">   <h6  class=\"\">Hist\u00f3ria<\/h6><p  class=\"\">Somos uma empresa portuguesa fundada em 2001 e estamos localizados em Viseu.<br >\nEspecializ\u00e1mo-nos nas \u00e1reas de automa\u00e7\u00e3o, desenvolvendo sistemas nas \u00e1reas de automa\u00e7\u00e3o industrial, avicultura, controlo de processos e dom\u00f3tica.<\/p> <a class=\"button y-move big color-white square\" href=\"https:\/\/tecsisel.com\/pt\/history\/\" target=\"_self\" data-cp-link=\"1\" data-icon=\"fa-angle-right\" rel=\"noopener\"><span  class=\"button-icon fa fa-angle-right\"><\/span> CONHECER HIST\u00d3RIA <\/a> <\/div>    <\/div> <\/div> <\/div><div  data-label=\"Implementacao\" data-id=\"content--3\" data-export-id=\"content-12\" data-category=\"content\" class=\"content-12 content-section content-section-spacing\" id=\"implementacao\" style=\"background-color: rgb(255, 255, 255); background-image: none;\"><div  class=\"\"> <div  class=\"row text-center\"><div  class=\"section-title-col\" data-type=\"column\"> <h2  class=\"\"><span  style=\"color: rgb(0, 0, 0);\">Implementa\u00e7\u00e3o<\/span><\/h2> <p  class=\"lead\"><span  style=\"color: rgb(0, 0, 0);\">Equipamentos de qualidade produzem solu\u00e7\u00f5es eficazes<\/span><\/p><\/div> <\/div> <div  class=\"row center-xs middle-xs\"> <div  class=\"col-sm-9\" data-type=\"column\"> <p  class=\"\"><iframe loading=\"lazy\"  width=\"1200\" height=\"500\" src=\"https:\/\/www.youtube.com\/embed\/BQ1OWif5GCA\" title=\"YouTube video player\" frameborder=\"0\" allow=\"accelerometer; autoplay; clipboard-write; encrypted-media; gyroscope; picture-in-picture; web-share\" allowfullscreen=\"\"><\/iframe><\/p><\/div> <\/div><\/div> <\/div>","protected":false},"excerpt":{"rendered":"<p>Solutions for the primary sector Discover the ideal solution for your business POULTRY FARMING Tecsisel system take real-time actions based on inside and outside environment conditions, adjusting all the equipment control to have the better possible conditions. KNOW MORE PIG FARMING Using the knowledge acquired over the years, we have adapted the poultry farming equipment&hellip; <br \/> <a class=\"read-more\" href=\"https:\/\/tecsisel.com\/pt\/\">Read more<\/a><\/p>","protected":false},"author":3,"featured_media":0,"parent":0,"menu_order":0,"comment_status":"closed","ping_status":"closed","template":"page-templates\/homepage.php","meta":{"footnotes":""},"class_list":["post-806","page","type-page","status-publish","hentry"],"_links":{"self":[{"href":"https:\/\/tecsisel.com\/pt\/wp-json\/wp\/v2\/pages\/806","targetHints":{"allow":["GET"]}}],"collection":[{"href":"https:\/\/tecsisel.com\/pt\/wp-json\/wp\/v2\/pages"}],"about":[{"href":"https:\/\/tecsisel.com\/pt\/wp-json\/wp\/v2\/types\/page"}],"author":[{"embeddable":true,"href":"https:\/\/tecsisel.com\/pt\/wp-json\/wp\/v2\/users\/3"}],"replies":[{"embeddable":true,"href":"https:\/\/tecsisel.com\/pt\/wp-json\/wp\/v2\/comments?post=806"}],"version-history":[{"count":86,"href":"https:\/\/tecsisel.com\/pt\/wp-json\/wp\/v2\/pages\/806\/revisions"}],"predecessor-version":[{"id":1643,"href":"https:\/\/tecsisel.com\/pt\/wp-json\/wp\/v2\/pages\/806\/revisions\/1643"}],"wp:attachment":[{"href":"https:\/\/tecsisel.com\/pt\/wp-json\/wp\/v2\/media?parent=806"}],"curies":[{"name":"wp","href":"https:\/\/api.w.org\/{rel}","templated":true}]}}