{"id":796,"date":"2018-07-16T07:01:33","date_gmt":"2018-07-16T07:01:33","guid":{"rendered":"http:\/\/rentbuilding.selena-work.cloud-press.net\/?page_id=604"},"modified":"2023-03-21T17:19:32","modified_gmt":"2023-03-21T17:19:32","slug":"contacts","status":"publish","type":"page","link":"https:\/\/tecsisel.com\/pt\/contacts\/","title":{"rendered":"Contactos"},"content":{"rendered":"<div  data-label=\"Contactos\" data-id=\"features-12-card-bordered\" data-export-id=\"features-12-card-bordered\" data-category=\"features\" class=\"features-12-card-bordered content-section content-section-spacing\" id=\"contactos\" style=\"background-color: rgb(255, 255, 255); background-image: none; background-size: cover; background-position: center top;\" data-section-ov=\"1\"> <div  class=\"gridContainer\">  <div  class=\"row spaced-cols\" data-type=\"row\"> <div  class=\"col-sm-6 col-md-4\"> <div  class=\"card row-card bordered y-move\"> <div  class=\"row\"> <div  class=\"col-sm-fit icon-column\"> <i  class=\"fa icon fa-home reverse round color1\"> <\/i> <\/div> <div  class=\"col-sm\" data-type=\"column\"> <h5  class=\"color2\"><span  style=\"color: rgb(95, 207, 36); font-weight: 700;\"> <span  style=\"color: rgb(0, 0, 0);\">MORADA<\/span><\/span><\/h5> <p  class=\"\"> <span  style=\"color: rgb(0, 0, 0);\">Rua das Queimadas, n\u00ba6, Sernada, 3505-330 Santos Evos, Viseu<\/span> <\/p> <\/div> <\/div> <\/div> <\/div> <div  class=\"col-sm-6 col-md-4\"> <div  class=\"card row-card bordered y-move\"> <div  class=\"row\"> <div  class=\"col-sm-fit icon-column\"> <i  class=\"fa icon fa-phone reverse round color1\"> <\/i> <\/div> <div  class=\"col-sm\" data-type=\"column\"> <h5  class=\"color2\"><span  style=\"color: rgb(95, 207, 36); font-weight: 700;\"> <span  style=\"color: rgb(0, 0, 0);\">TELEFONE<\/span><\/span><\/h5> <p  class=\"\"> <span  style=\"color: rgb(0, 0, 0);\">232 441 005<\/span>\n<br ><span  style=\"color: rgb(0, 0, 0);\">(Chamada para rede fixa nacional)<\/span><\/p> <\/div> <\/div> <\/div> <\/div><div  class=\"col-sm-6 col-md-4\"> <div  class=\"card row-card bordered y-move\"> <div  class=\"row\"> <div  class=\"col-sm-fit icon-column\"> <i  class=\"fa icon fa-envelope reverse round color1\"> <\/i> <\/div> <div  class=\"col-sm\" data-type=\"column\"> <h5  class=\"color2\"><span  style=\"color: rgb(0, 0, 0); font-weight: 700;\">E-MAIL<\/span><\/h5> <p  class=\"\"> geral@tecsisel.pt\n<\/p> <\/div> <\/div> <\/div> <\/div>   <\/div> <\/div> <\/div><div  data-label=\"Maps\" data-id=\"contact-4\" data-export-id=\"contact-4\" data-category=\"contact\" class=\"contact-4 content-section\" id=\"maps\" style=\"background-color: rgb(255, 255, 255);\"> <div  class=\"\"> <div  class=\"row\"> <div  class=\"col-xs-12 no-gutter-col\"> <div  data-content-shortcode=\"mesmerize_maps address=&quot;Tecsisel - Edif\u00edcio Tecsisel Rua das Queimadas 6, 3505-330 Santos Evos, Viseu&quot; zoom=&quot;65&quot; lng=&quot;Tecsisel - Edif\u00edcio Tecsisel Rua das Queimadas 6, 3505-330 Santos Evos, Viseu&quot; lat=&quot;Tecsisel - Edif\u00edcio Tecsisel Rua das Queimadas 6, 3505-330 Santos Evos, Viseu&quot;\" data-editable=\"true\" class=\"\"><iframe class=\"mesmerize-google-maps mesmerize-frame-map\" src=\"https:\/\/maps.google.com\/maps?q=Tecsisel - Edif\u00edcio Tecsisel Rua das Queimadas 6, 3505-330 Santos Evos, Viseu&amp;z=14&amp;t=m&amp;output=embed&amp;iwloc=near\"><\/iframe><\/div> <\/div> <\/div> <\/div> <\/div><div  data-label=\"Formulario\" data-id=\"contact-1\" data-export-id=\"contact-1\" data-category=\"contact\" class=\"contact-1 content-section content-section-spacing section-title-col-\" data-parallax-depth=\"20\" id=\"formulario\" style=\"background-color: rgb(255, 255, 255); background-image: none;\" data-section-ov=\"1\"> <div  class=\"\"> <div  class=\"row text-center\"> <div  class=\"section-title-col\" data-type=\"column\"> <h2  class=\"\"><span  style=\"color: rgb(0, 0, 0);\">Pedido de contacto<\/span><\/h2> <p  class=\"lead\"> <span  style=\"color: rgb(0, 0, 0);\">Preencha este formul\u00e1rio e a nossa equipa entrar\u00e1 em contacto consigo!<\/span><\/p> <\/div> <\/div> <div  class=\"row text-center\"> <div  class=\"col-xs-12 col-sm-8 col-sm-offset-2 contact-form-wrapper inline-info\"> <div  class=\"card large-padding\"> <div  class=\"\" data-content-shortcode=\"mesmerize_contact_form shortcode=&quot;contact-form-7 id=&amp;amp;quot;1270&amp;amp;quot; title=&amp;amp;quot;Pedido de contacto&amp;amp;quot;&quot;\" data-editable=\"true\">\n<div class=\"wpcf7 no-js\" id=\"wpcf7-f1270-o1\" lang=\"pt-PT\" dir=\"ltr\" data-wpcf7-id=\"1270\">\n<div class=\"screen-reader-response\"><p role=\"status\" aria-live=\"polite\" aria-atomic=\"true\"><\/p> <ul><\/ul><\/div>\n<form action=\"\/pt\/wp-json\/wp\/v2\/pages\/796#wpcf7-f1270-o1\" method=\"post\" class=\"wpcf7-form init\" aria-label=\"Formul\u00e1rio de contacto\" novalidate=\"novalidate\" data-status=\"init\" data-trp-original-action=\"\/pt\/wp-json\/wp\/v2\/pages\/796#wpcf7-f1270-o1\">\n<fieldset class=\"hidden-fields-container\"><input type=\"hidden\" name=\"_wpcf7\" value=\"1270\" \/><input type=\"hidden\" name=\"_wpcf7_version\" value=\"6.1.5\" \/><input type=\"hidden\" name=\"_wpcf7_locale\" value=\"pt_PT\" \/><input type=\"hidden\" name=\"_wpcf7_unit_tag\" value=\"wpcf7-f1270-o1\" \/><input type=\"hidden\" name=\"_wpcf7_container_post\" value=\"0\" \/><input type=\"hidden\" name=\"_wpcf7_posted_data_hash\" value=\"\" \/><input type=\"hidden\" name=\"_wpcf7_recaptcha_response\" value=\"\" \/>\n<\/fieldset>\n<p><label> NOME<br \/>\n<span class=\"wpcf7-form-control-wrap\" data-name=\"your-nome\"><input size=\"40\" maxlength=\"400\" class=\"wpcf7-form-control wpcf7-text wpcf7-validates-as-required\" aria-required=\"true\" aria-invalid=\"false\" value=\"\" type=\"text\" name=\"your-nome\" \/><\/span> <\/label>\n<\/p>\n<p><label> E-mail*<br \/>\n<span class=\"wpcf7-form-control-wrap\" data-name=\"your-email\"><input size=\"40\" maxlength=\"400\" class=\"wpcf7-form-control wpcf7-email wpcf7-validates-as-required wpcf7-text wpcf7-validates-as-email\" aria-required=\"true\" aria-invalid=\"false\" value=\"\" type=\"email\" name=\"your-email\" \/><\/span> <\/label>\n<\/p>\n<p><label> MENSAGEM<br \/>\n<span class=\"wpcf7-form-control-wrap\" data-name=\"your-message\"><textarea cols=\"40\" rows=\"10\" maxlength=\"2000\" class=\"wpcf7-form-control wpcf7-textarea\" aria-invalid=\"false\" name=\"your-message\"><\/textarea><\/span> <\/label>\n<\/p>\n<p><label><br \/>\n<span class=\"wpcf7-form-control-wrap\" data-name=\"acceptance-628\"><span class=\"wpcf7-form-control wpcf7-acceptance\"><span class=\"wpcf7-list-item\"><label><input type=\"checkbox\" name=\"acceptance-628\" value=\"1\" aria-invalid=\"false\" \/><span class=\"wpcf7-list-item-label\">Aceito fornecer os meus dados para efeitos de contacto.<\/span><\/label><\/span><\/span><\/span><br \/>\n<\/label>\n<\/p>\n<span class=\"wpcf7-form-control-wrap recaptcha\" data-name=\"recaptcha\"><span data-sitekey=\"6LcEkngbAAAAAB-AO3mrCmUYXVHVLZa4Ys7BisE2\" data-align=\"right\" class=\"wpcf7-form-control wpcf7-recaptcha g-recaptcha\"><\/span>\r\n<noscript>\r\n\t<div class=\"grecaptcha-noscript\">\r\n\t\t<iframe loading=\"lazy\" src=\"https:\/\/www.google.com\/recaptcha\/api\/fallback?k=6LcEkngbAAAAAB-AO3mrCmUYXVHVLZa4Ys7BisE2\" frameborder=\"0\" scrolling=\"no\" width=\"310\" height=\"430\">\r\n\t\t<\/iframe>\r\n\t\t<textarea name=\"g-recaptcha-response\" rows=\"3\" cols=\"40\" placeholder=\"reCaptcha Response Here\">\r\n\t\t<\/textarea>\r\n\t<\/div>\r\n<\/noscript>\r\n<\/span>\n<p><input class=\"wpcf7-form-control wpcf7-submit has-spinner\" type=\"submit\" value=\"Send\" \/>\n<\/p><div class=\"wpcf7-response-output\" aria-hidden=\"true\"><\/div>\n<input type=\"hidden\" name=\"trp-form-language\" value=\"pt\"\/><\/form>\n<\/div>\n<\/div> <\/div> <\/div> <\/div> <\/div> <\/div>","protected":false},"excerpt":{"rendered":"<p>ADDRESS Rua das Queimadas, n\u00ba6, Sernada, 3505-330 Santos Evos, Viseu PHONE 232 441 005 (Call to national landline network) E-MAIL geral@tecsisel.pt Contact request Fill out this form and our team will contact you!<\/p>","protected":false},"author":3,"featured_media":0,"parent":0,"menu_order":0,"comment_status":"closed","ping_status":"closed","template":"pro\/page-templates\/full-width-page.php","meta":{"footnotes":""},"class_list":["post-796","page","type-page","status-publish","hentry"],"_links":{"self":[{"href":"https:\/\/tecsisel.com\/pt\/wp-json\/wp\/v2\/pages\/796","targetHints":{"allow":["GET"]}}],"collection":[{"href":"https:\/\/tecsisel.com\/pt\/wp-json\/wp\/v2\/pages"}],"about":[{"href":"https:\/\/tecsisel.com\/pt\/wp-json\/wp\/v2\/types\/page"}],"author":[{"embeddable":true,"href":"https:\/\/tecsisel.com\/pt\/wp-json\/wp\/v2\/users\/3"}],"replies":[{"embeddable":true,"href":"https:\/\/tecsisel.com\/pt\/wp-json\/wp\/v2\/comments?post=796"}],"version-history":[{"count":24,"href":"https:\/\/tecsisel.com\/pt\/wp-json\/wp\/v2\/pages\/796\/revisions"}],"predecessor-version":[{"id":1636,"href":"https:\/\/tecsisel.com\/pt\/wp-json\/wp\/v2\/pages\/796\/revisions\/1636"}],"wp:attachment":[{"href":"https:\/\/tecsisel.com\/pt\/wp-json\/wp\/v2\/media?parent=796"}],"curies":[{"name":"wp","href":"https:\/\/api.w.org\/{rel}","templated":true}]}}