{"id":794,"date":"2018-07-16T07:01:33","date_gmt":"2018-07-16T07:01:33","guid":{"rendered":"http:\/\/rentbuilding.selena-work.cloud-press.net\/?page_id=601"},"modified":"2023-01-09T15:21:19","modified_gmt":"2023-01-09T15:21:19","slug":"history","status":"publish","type":"page","link":"https:\/\/tecsisel.com\/pt\/history\/","title":{"rendered":"Hist\u00f3ria"},"content":{"rendered":"<div  data-label=\"Historia\" data-id=\"content--1\" data-export-id=\"content-12\" data-category=\"content\" class=\"content-12 content-section content-section-spacing\" id=\"historia\" style=\"background-color: rgb(255, 255, 255);\"><div  class=\"gridContainer\">  <div  class=\"row center-xs middle-xs\"> <div  class=\"col-sm-9\" data-type=\"column\"> <p  class=\"\" style=\"text-align: justify;\">Somos uma empresa portuguesa fundada em 2001 e estamos localizados em Viseu.<br >\nEspecializ\u00e1mo-nos nas \u00e1reas de automa\u00e7\u00e3o, desenvolvendo sistemas nas \u00e1reas de automa\u00e7\u00e3o industrial, avicultura, controlo de processos e dom\u00f3tica.<br >\nAfirm\u00e1mo-nos desde cedo na ind\u00fastria av\u00edcola, pela inova\u00e7\u00e3o dos nossos equipamentos e servi\u00e7os, fundamentada por uma m\u00e3o-de-obra especializada destinada a estudar, projetar e implementar solu\u00e7\u00f5es para a programa\u00e7\u00e3o e automa\u00e7\u00e3o de sistemas.<br >\nPara complementar a nossa atividade, salvaguardar a posi\u00e7\u00e3o do Cliente e ter conhecimento da sua realidade houve necessidade de haver uma maior proximidade com a atividade av\u00edcola, principalmente das situa\u00e7\u00f5es que necessitavam de um maior controlo. Assim fomos mais al\u00e9m e pass\u00e1mos a ser propriet\u00e1rios de um avi\u00e1rio onde todos os testes foram realizados com o objetivo de melhorar continuamente os sistemas de controlo, pela satisfa\u00e7\u00e3o do Cliente e por uma qualidade do ambiente av\u00edcola melhor e mais saud\u00e1vel, prop\u00edcia ao bom desenvolvimento das aves.<br >\nPara al\u00e9m de sermos produtores de sistemas integrados para controlo de pavilh\u00f5es av\u00edcolas, somos tamb\u00e9m produtores de equipamento para pavilh\u00f5es av\u00edcolas, suin\u00edcolas e estufas, bem como para todo o tipo de quintas e pavilh\u00f5es industriais.<\/p><\/div> <\/div><\/div> <\/div><div  data-label=\"Imagem\" data-id=\"content--3\" data-export-id=\"content-12\" data-category=\"content\" class=\"content-12 content-section content-section-spacing\" id=\"imagem\" style=\"background-color: rgb(255, 255, 255); background-image: none;\"><div  class=\"gridContainer\">  <div  class=\"row center-xs middle-xs\"> <div  class=\"col-sm-9\" data-type=\"column\"> <img decoding=\"async\"  class=\"shadow-large\" src=\"https:\/\/tecsisel.com\/wp-content\/uploads\/2021\/05\/Historia_Tecsisel.jpg\" title=\"Hist\u00f3ria \" alt=\"Hist\u00f3ria \"><\/div> <\/div><\/div> <\/div><div  data-label=\"Marcos\" data-id=\"content--2\" data-export-id=\"content-12\" data-category=\"content\" class=\"content-12 content-section content-section-spacing\" id=\"marcos\" style=\"background-color: rgb(255, 255, 255); background-image: none;\"><div  class=\"gridContainer\">  <div  class=\"row center-xs middle-xs\"> <div  class=\"col-sm-9\" data-type=\"column\"> <h5  class=\"\" style=\"text-align: left;\"><span  style=\"font-weight: 700;\">MARCOS IMPORTANTES<\/span><\/h5><p  class=\"\" style=\"text-align: justify;\">A cria\u00e7\u00e3o de um software personalizado apoiado por um quadro el\u00e9trico atrav\u00e9s do qual o Cliente passa a controlar todo o ambiente dentro do avi\u00e1rio (aquecimento, ventila\u00e7\u00e3o, entradas de ar, humidade, arrefecimento, ilumina\u00e7\u00e3o interior e exterior, alimenta\u00e7\u00e3o, \u00e1gua consumida, dosagem de medicamentos, gerador de energia, envio de alarmes via sms e quais os destinat\u00e1rios das mesmas, conhecimento de qual o n\u00famero de animais vivos e mortos em cada ninhada) entre outros requisitos previamente acordados.<br >\nTudo isto atrav\u00e9s de equipamentos Tecsisel ou com os melhores equipamentos que o mercado mundial disp\u00f5e.\n<br ><br >\nO patenteamento do sistema de arrefecimento lateral inovador com c\u00e2mara de controlo de ar, estudado para ser compat\u00edvel com os equipamentos Tecsisel (Patente N.\u00ba 10516 \/ Classifica\u00e7\u00e3o Internacional N.\u00ba F24F 13\/00 2006.01), como resultado da nossa capacidade de inova\u00e7\u00e3o.\n<br ><br >\nA certifica\u00e7\u00e3o em Mar\u00e7o de 2011 pela ISO 9001 \u2013 Sistemas de Gest\u00e3o da Qualidade, no \u00e2mbito da \u201cConce\u00e7\u00e3o, Desenvolvimento e Fornecimento de Sistemas de Automa\u00e7\u00e3o e Dom\u00f3tica\u201d, como prova da nossa qualidade interna e externa.\n<br ><br >\nO desenvolvimento de um pavilh\u00e3o de testes que certamente far\u00e1 de n\u00f3s pioneiros no controlo e na automa\u00e7\u00e3o.<\/p><\/div> <\/div><\/div> <\/div>","protected":false},"excerpt":{"rendered":"<p>We are a Portuguese company founded in 2001 and we are located in Viseu. We specialized in automation, developing systems in the areas of industrial automation, poultry farming, process control and home automation. We have made a name for ourselves in the poultry industry from an early stage, through the innovation of our equipment and&hellip; <br \/> <a class=\"read-more\" href=\"https:\/\/tecsisel.com\/pt\/history\/\">Read more<\/a><\/p>","protected":false},"author":3,"featured_media":0,"parent":0,"menu_order":0,"comment_status":"closed","ping_status":"closed","template":"pro\/page-templates\/full-width-page.php","meta":{"footnotes":""},"class_list":["post-794","page","type-page","status-publish","hentry"],"_links":{"self":[{"href":"https:\/\/tecsisel.com\/pt\/wp-json\/wp\/v2\/pages\/794","targetHints":{"allow":["GET"]}}],"collection":[{"href":"https:\/\/tecsisel.com\/pt\/wp-json\/wp\/v2\/pages"}],"about":[{"href":"https:\/\/tecsisel.com\/pt\/wp-json\/wp\/v2\/types\/page"}],"author":[{"embeddable":true,"href":"https:\/\/tecsisel.com\/pt\/wp-json\/wp\/v2\/users\/3"}],"replies":[{"embeddable":true,"href":"https:\/\/tecsisel.com\/pt\/wp-json\/wp\/v2\/comments?post=794"}],"version-history":[{"count":11,"href":"https:\/\/tecsisel.com\/pt\/wp-json\/wp\/v2\/pages\/794\/revisions"}],"predecessor-version":[{"id":1585,"href":"https:\/\/tecsisel.com\/pt\/wp-json\/wp\/v2\/pages\/794\/revisions\/1585"}],"wp:attachment":[{"href":"https:\/\/tecsisel.com\/pt\/wp-json\/wp\/v2\/media?parent=794"}],"curies":[{"name":"wp","href":"https:\/\/api.w.org\/{rel}","templated":true}]}}