{"id":1510,"date":"2022-06-23T08:49:36","date_gmt":"2022-06-23T08:49:36","guid":{"rendered":"https:\/\/tecsisel.com\/?page_id=1510"},"modified":"2026-03-09T17:31:39","modified_gmt":"2026-03-09T17:31:39","slug":"quality-policy","status":"publish","type":"page","link":"https:\/\/tecsisel.com\/pt\/quality-policy\/","title":{"rendered":"Pol\u00edtica de qualidade"},"content":{"rendered":"<div  data-label=\"TUV\" data-id=\"content--2\" data-export-id=\"content-12\" data-category=\"content\" class=\"content-12 content-section content-section-spacing\" id=\"tuv\" style=\"background-color: rgb(255, 255, 255); background-image: none;\"><div  class=\"gridContainer\">  <div  class=\"row center-xs middle-xs\"> <div  class=\"col-sm-9\" data-type=\"column\"> <a  data-cp-link=\"1\" href=\"https:\/\/www.certipedia.com\/quality_marks\/9105055138\" class=\"\" target=\"_blank\" rel=\"noopener\"><img  decoding=\"async\" class=\"custom-image\" src=\"https:\/\/tecsisel.com\/wp-content\/uploads\/2022\/06\/TUV_Iso_9001_Tecsisel.png\" title=\"ISO 9001\" alt=\"ISO 9001\"><\/a><\/div> <\/div><\/div> <\/div><div  data-label=\"Politica de qualidade\" data-id=\"content--1\" data-export-id=\"content-12\" data-category=\"content\" class=\"content-12 content-section content-section-spacing\" id=\"politica-de-qualidade\" style=\"background-color: rgb(255, 255, 255);\"><div  class=\"gridContainer\">  <div  class=\"row center-xs middle-xs\"> <div  class=\"col-sm-9\" data-type=\"column\"><p  class=\"\" style=\"text-align: justify;\">A Tecsisel implementou em mar\u00e7o de 2011 o seu Sistema de Gest\u00e3o da Qualidade, assente na norma ISO 9001.\r\n<br ><br >\r\nA Pol\u00edtica da Qualidade da Tecsisel consiste na cont\u00ednua satisfa\u00e7\u00e3o dos Clientes (Partes Interessadas) atrav\u00e9s do reconhecimento da qualidade dos seus servi\u00e7os e produtos.\r\n<br ><br >\r\n<span  style=\"font-weight: 700;\">Esta pol\u00edtica \u00e9 assumida na perspetiva de:<\/span><br >\r\n- Desenvolver e apresentar solu\u00e7\u00f5es inovadoras, eficientes e de elevada qualidade, de acordo com as necessidades e expectativas dos clientes (Stakeholders);<br >\r\n- Garantir a credibilidade das solu\u00e7\u00f5es apresentadas a cada cliente;<br >\r\n- Acompanhamento permanente das novas tecnologias para desenvolver e atualizar metodologias e processos de trabalho;<br >\r\n- Promover a qualifica\u00e7\u00e3o, forma\u00e7\u00e3o e motiva\u00e7\u00e3o dos colaboradores, contribuindo para o aumento da produtividade da empresa;<br >\r\n- Investir na melhoria cont\u00ednua da efic\u00e1cia do sistema de gest\u00e3o da qualidade;<br >\r\n- Cumprimento dos requisitos legais e regulamentares aplic\u00e1veis \u00e0 realidade da empresa.\r\n<br ><br ><span  style=\"font-weight: 700;\">Manual do Sistema de Gest\u00e3o da Qualidade (vers\u00e3o n.\u00ba 9 de 25\/02\/2026)<\/span><\/p> <\/div> <\/div><\/div> <\/div>","protected":false},"excerpt":{"rendered":"<p>In March 2011 Tecsisel implemented its Quality Management System, based on the ISO 9001 standard. Tecsisel Quality Policy consists of the continuous satisfaction of its Customers (Stakeholders) through the recognition of the quality of its services and products. This policy is taken from the perspective of: \u2013 To develop and present innovative, efficient and high&hellip; <br \/> <a class=\"read-more\" href=\"https:\/\/tecsisel.com\/pt\/quality-policy\/\">Read more<\/a><\/p>","protected":false},"author":3,"featured_media":0,"parent":0,"menu_order":0,"comment_status":"closed","ping_status":"closed","template":"pro\/page-templates\/full-width-page.php","meta":{"footnotes":""},"class_list":["post-1510","page","type-page","status-publish","hentry"],"_links":{"self":[{"href":"https:\/\/tecsisel.com\/pt\/wp-json\/wp\/v2\/pages\/1510","targetHints":{"allow":["GET"]}}],"collection":[{"href":"https:\/\/tecsisel.com\/pt\/wp-json\/wp\/v2\/pages"}],"about":[{"href":"https:\/\/tecsisel.com\/pt\/wp-json\/wp\/v2\/types\/page"}],"author":[{"embeddable":true,"href":"https:\/\/tecsisel.com\/pt\/wp-json\/wp\/v2\/users\/3"}],"replies":[{"embeddable":true,"href":"https:\/\/tecsisel.com\/pt\/wp-json\/wp\/v2\/comments?post=1510"}],"version-history":[{"count":11,"href":"https:\/\/tecsisel.com\/pt\/wp-json\/wp\/v2\/pages\/1510\/revisions"}],"predecessor-version":[{"id":1663,"href":"https:\/\/tecsisel.com\/pt\/wp-json\/wp\/v2\/pages\/1510\/revisions\/1663"}],"wp:attachment":[{"href":"https:\/\/tecsisel.com\/pt\/wp-json\/wp\/v2\/media?parent=1510"}],"curies":[{"name":"wp","href":"https:\/\/api.w.org\/{rel}","templated":true}]}}