{"id":1040,"date":"2021-05-26T17:32:19","date_gmt":"2021-05-26T17:32:19","guid":{"rendered":"https:\/\/tecsisel.com\/?page_id=1040"},"modified":"2023-01-09T15:55:08","modified_gmt":"2023-01-09T15:55:08","slug":"cookies-policy","status":"publish","type":"page","link":"https:\/\/tecsisel.com\/pt\/cookies-policy\/","title":{"rendered":"Pol\u00edtica de cookies"},"content":{"rendered":"<div  data-label=\"Politica de cookies\" data-id=\"content--1\" data-export-id=\"content-12\" data-category=\"content\" class=\"content-12 content-section content-section-spacing\" id=\"politica-de-cookies\" style=\"background-color: rgb(255, 255, 255);\"><div  class=\"gridContainer\">  <div  class=\"row center-xs middle-xs\"> <div  class=\"col-sm-9\" data-type=\"column\"> <p  class=\"\" style=\"text-align: justify;\">Visando proporcionar aos nossos utilizadores uma maior rapidez e personaliza\u00e7\u00e3o do servi\u00e7o prestado, a Tecsisel poder\u00e1 recorrer a uma funcionalidade do \u201cbrowser\u201d conhecida como \u201ccookie\u201d. Um \u201ccookie\u201d \u00e9 um pequeno ficheiro de texto, automaticamente guardado pelo computador do utilizador, e que permite a sua identifica\u00e7\u00e3o sempre que este volte a consultar, neste caso, o site tecsisel.com.<br >\nQualquer utilizador pode, no entanto, configurar o seu \u201cbrowser\u201d por forma a impedir a instala\u00e7\u00e3o de \u201ccookies\u201d no seu computador. Contudo, essa op\u00e7\u00e3o poder\u00e1 tornar a sua navega\u00e7\u00e3o mais lenta, neste como noutros sites.<\/p><\/div> <\/div><\/div> <\/div>","protected":false},"excerpt":{"rendered":"<p>Aiming to provide our users with greater speed and personalization of the service provided, Tecsisel. may use a feature of the &#8220;browser&#8221; known as a &#8220;cookie&#8221;. A \u201ccookie\u201d is a small text file, automatically saved by the user&#8217;s computer, which allows its identification whenever the user returns to consult, in this case, the tecsisel.com website.&hellip; <br \/> <a class=\"read-more\" href=\"https:\/\/tecsisel.com\/pt\/cookies-policy\/\">Read more<\/a><\/p>","protected":false},"author":3,"featured_media":0,"parent":0,"menu_order":0,"comment_status":"closed","ping_status":"closed","template":"pro\/page-templates\/full-width-page.php","meta":{"footnotes":""},"class_list":["post-1040","page","type-page","status-publish","hentry"],"_links":{"self":[{"href":"https:\/\/tecsisel.com\/pt\/wp-json\/wp\/v2\/pages\/1040","targetHints":{"allow":["GET"]}}],"collection":[{"href":"https:\/\/tecsisel.com\/pt\/wp-json\/wp\/v2\/pages"}],"about":[{"href":"https:\/\/tecsisel.com\/pt\/wp-json\/wp\/v2\/types\/page"}],"author":[{"embeddable":true,"href":"https:\/\/tecsisel.com\/pt\/wp-json\/wp\/v2\/users\/3"}],"replies":[{"embeddable":true,"href":"https:\/\/tecsisel.com\/pt\/wp-json\/wp\/v2\/comments?post=1040"}],"version-history":[{"count":5,"href":"https:\/\/tecsisel.com\/pt\/wp-json\/wp\/v2\/pages\/1040\/revisions"}],"predecessor-version":[{"id":1611,"href":"https:\/\/tecsisel.com\/pt\/wp-json\/wp\/v2\/pages\/1040\/revisions\/1611"}],"wp:attachment":[{"href":"https:\/\/tecsisel.com\/pt\/wp-json\/wp\/v2\/media?parent=1040"}],"curies":[{"name":"wp","href":"https:\/\/api.w.org\/{rel}","templated":true}]}}