{"id":1038,"date":"2021-05-26T17:31:26","date_gmt":"2021-05-26T17:31:26","guid":{"rendered":"https:\/\/tecsisel.com\/?page_id=1038"},"modified":"2023-01-09T15:59:41","modified_gmt":"2023-01-09T15:59:41","slug":"privacy-policy","status":"publish","type":"page","link":"https:\/\/tecsisel.com\/pt\/privacy-policy\/","title":{"rendered":"Pol\u00edtica de privacidade"},"content":{"rendered":"<div  data-label=\"Politica de privacidade\" data-id=\"content--1\" data-export-id=\"content-12\" data-category=\"content\" class=\"content-12 content-section content-section-spacing\" id=\"politica-de-privacidade\" style=\"background-color: rgb(255, 255, 255);\"><div  class=\"gridContainer\">  <div  class=\"row center-xs middle-xs\"> <div  class=\"col-sm-9\" data-type=\"column\"> <p  class=\"\" style=\"text-align: justify;\"><span style=\"font-weight: 700;\" >1. A prote\u00e7\u00e3o da privacidade e dos dados pessoais \u00e9 um compromisso da Tecsisel<\/span><br >\nA prote\u00e7\u00e3o da privacidade e dos dados pessoais \u00e9 um compromisso fundamental da Tecsisel para com o titular dos dados pessoais (tamb\u00e9m, \u00abtitular\u00bb) que utiliza o website tecsisel.com.<br >\nCom a aplica\u00e7\u00e3o do novo Regulamento Geral de Prote\u00e7\u00e3o de Dados (RGPD), a partir de 25 de maio de 2018, a Tecsisel demonstra que se mant\u00e9m fortemente empenhada e empenhada na prote\u00e7\u00e3o da privacidade dos dados pessoais do respetivo titular que utiliza o website. tecsisel.com e procede, nessa medida, \u00e0 atualiza\u00e7\u00e3o da sua Pol\u00edtica de Privacidade, de acordo com todos os princ\u00edpios e regras de prote\u00e7\u00e3o de dados que sustentam o RGPD.<br >\nNesta p\u00e1gina, tentamos explicar quais os dados pessoais que recolhemos, para que fins os podemos utilizar, como os tratamos, com quem os partilhamos, por quanto tempo os conservamos, bem como as formas de nos contactar e exer\u00e7a seus direitos.<br >\nA Tecsisel sugere e convida a consultar as p\u00e1ginas dedicadas \u00e0 privacidade e \u00e0 prote\u00e7\u00e3o de dados pessoais, cujas atualiza\u00e7\u00f5es ser\u00e3o disponibilizadas no site tecsisel.com.\n<br ><br >\n<span style=\"font-weight: 700;\" >2. Regulamento Geral de Prote\u00e7\u00e3o de Dados<\/span><br >\nO novo RGPD estabelece as regras relativas ao tratamento, por uma pessoa, uma empresa ou uma organiza\u00e7\u00e3o, de dados pessoais relativos a pessoas na Uni\u00e3o Europeia (UE).<br >\nO RGPD protege os dados pessoais independentemente da tecnologia utilizada para o tratamento desses dados, a prote\u00e7\u00e3o \u00e9 neutra em termos tecnol\u00f3gicos, e aplica-se tanto ao tratamento automatizado como ao manual, desde que os dados sejam organizados de acordo com crit\u00e9rios predefinidos (por exemplo, por ordem alfab\u00e9tica) . Tamb\u00e9m \u00e9 irrelevante a forma como os dados s\u00e3o armazenados, em sistema inform\u00e1tico, por videovigil\u00e2ncia ou em papel; em todos estes casos, os dados pessoais est\u00e3o sujeitos aos requisitos de prote\u00e7\u00e3o previstos no RGPD.\n<br ><br ><span style=\"font-weight: 700;\" >\n3. Quem \u00e9 o respons\u00e1vel pelo tratamento dos dados?<\/span><br >\nA Tecsisel, com sede na Rua das Queimadas, n\u00ba6, Sernada, 3505-330 Santos Evos, Viseu, \u00e9 a respons\u00e1vel pelo tratamento dos dados pessoais, no \u00e2mbito do RGPD.\n<br ><br >\n<span style=\"font-weight: 700;\" >4. Respons\u00e1vel da Prote\u00e7\u00e3o de Dados<\/span><br >\nA Tecsisel disp\u00f5e de um Data Protection Officer (EPD ou Data Protection Officer), que presta informa\u00e7\u00f5es e aconselha o respons\u00e1vel pelo tratamento ou subcontratante sobre as suas obriga\u00e7\u00f5es em mat\u00e9ria de privacidade e prote\u00e7\u00e3o de dados; controla a conformidade do processamento de dados com os regulamentos aplic\u00e1veis; presta aconselhamento, quando solicitado, no que diz respeito \u00e0 avalia\u00e7\u00e3o do impacto da prote\u00e7\u00e3o de dados e acompanha a sua implementa\u00e7\u00e3o; \u00e9 um ponto de contacto com o titular dos dados pessoais para esclarecimento de d\u00favidas relativas ao tratamento dos seus dados pela Tecsisel; e \u00e9 o ponto de contacto da autoridade de controlo (Comiss\u00e3o Nacional de Prote\u00e7\u00e3o de Dados \u2013 CNPD) para quest\u00f5es relacionadas com o tratamento, cooperando com esta entidade.<br >\nO respons\u00e1vel pela prote\u00e7\u00e3o de dados da Tecsisel pode ser contactado atrav\u00e9s do email geral@tecsisel.pt.\n<br ><br >\n<span style=\"font-weight: 700;\" >5. Tratamento de dados pessoais, \u00e2mbito e altera\u00e7\u00e3o da Pol\u00edtica de Privacidade<\/span><br >\nAo fornecer os seus dados pessoais \u00e0 Tecsisel, o titular dos dados pessoais consente que os mesmos sejam tratados de acordo com a presente Pol\u00edtica de Privacidade e com as regras e princ\u00edpios constantes dos Termos e Condi\u00e7\u00f5es do website tecsisel.com.<br >\nEsta Pol\u00edtica de Privacidade aplica-se a dados que tenham sido fornecidos diretamente pelo respetivo titular atrav\u00e9s do website tecsisel.com. Assim, alertamos que as plataformas digitais do site tecsisel.com possuem links (hyperlinks) para outras plataformas digitais e referem-se a conte\u00fados de terceiros que n\u00e3o s\u00e3o abrangidos pela Pol\u00edtica de Privacidade da Tecsisel, pelo que \u00e9 aconselh\u00e1vel que sempre que o titular dos dados pessoais navegue nestas plataformas e informe-se sobre o conte\u00fado das respetivas pol\u00edticas de privacidade, bem como os termos e condi\u00e7\u00f5es aplic\u00e1veis.<br >\nA Tecsisel reserva-se o direito de alterar a sua Pol\u00edtica de Privacidade, pelo que aconselhamos a consulta regular deste documento, bem como os Termos e Condi\u00e7\u00f5es do website tecsisel.com. Se a Pol\u00edtica de Privacidade for alterada, colocaremos um aviso em nossas plataformas digitais.\n<br ><br >\n<span style=\"font-weight: 700;\" >6. Que tipo de informa\u00e7\u00e3o a Tecsisel recolhe?<\/span><br >\nA Tecsisel apenas recolhe informa\u00e7\u00e3o pessoal. As informa\u00e7\u00f5es pessoais s\u00e3o fornecidas voluntariamente pelo titular dos dados pessoais mediante registro opcional. Todos os dados recolhidos s\u00e3o processados automaticamente, sendo que a informa\u00e7\u00e3o recolhida junto do titular dos dados pessoais \u00e9 encriptada e gerida com seguran\u00e7a avan\u00e7ada.\n<br ><br ><span style=\"font-weight: 700;\" >7. O que s\u00e3o dados pessoais?<\/span><br >\nDados pessoais s\u00e3o informa\u00e7\u00f5es relativas a uma pessoa identificada ou identific\u00e1vel. \u00c9 considerada identific\u00e1vel a pessoa que possa ser identificada direta ou indiretamente. Constituem tamb\u00e9m dados pessoais o conjunto de informa\u00e7\u00f5es distintas que possam conduzir \u00e0 identifica\u00e7\u00e3o de uma determinada pessoa.<br >\nExemplos de dados pessoais:<br >\nNome e Apelido;<br >\nMorada;<br >\nE-mail;<br >\nN\u00famero de um cart\u00e3o de identifica\u00e7\u00e3o;<br >\nDados de localiza\u00e7\u00e3o (por exemplo, a fun\u00e7\u00e3o de dados de localiza\u00e7\u00e3o em um telem\u00f3vel);<br >\nEndere\u00e7o IP (protocolo de internet);<br >\nCookies;<br >\nIdentificador de publicidade do seu telefone;<br >\nDados detidos por um hospital ou m\u00e9dico, que permitam identificar uma pessoa de forma inequ\u00edvoca;<br >\nSom ou imagem.\n<br ><br >\n<span style=\"font-weight: 700;\" >8. A quem pertencem os dados pessoais?<\/span><br >\nO titular dos dados pessoais \u00e9 a pessoa singular a quem os dados dizem respeito e que utilizou o website tecsisel.com.\n<br ><br >\n<span style=\"font-weight: 700;\" >9. Durante quanto tempo a Tecsisel trata e guarda os seus dados pessoais?<\/span><br >\nA Tecsisel trata e guarda os seus dados pessoais de acordo com as finalidades para as quais s\u00e3o tratados e apenas durante o per\u00edodo de tempo necess\u00e1rio ao cumprimento das finalidades que motivaram a sua recolha e conserva\u00e7\u00e3o, e sempre de acordo com a lei, orienta\u00e7\u00f5es e decis\u00f5es da CNPD, ou, conforme aplic\u00e1vel, at\u00e9 que exer\u00e7a o seu direito de oposi\u00e7\u00e3o, direito a ser esquecido ou retirar o consentimento.<br >\nExistem situa\u00e7\u00f5es em que a lei determina a conserva\u00e7\u00e3o dos dados por um per\u00edodo m\u00ednimo de tempo, nomeadamente: durante um ano, os dados de tr\u00e2nsito e localiza\u00e7\u00e3o para efeitos de investiga\u00e7\u00e3o, dete\u00e7\u00e3o e repress\u00e3o de crimes graves ou durante 10 anos os dados necess\u00e1rios \u00e0 informa\u00e7\u00e3o \u00e0 Autoridade Tribut\u00e1ria.<br >\nDecorrido o respetivo per\u00edodo de conserva\u00e7\u00e3o, a Tecsisel eliminar\u00e1 ou anonimizar\u00e1 os dados sempre que n\u00e3o devam ser conservados para outra finalidade que possa sobreviver.\n<br ><br ><span style=\"font-weight: 700;\" >\n10. Direitos do titular dos dados pessoais<\/span><br >\nO titular dos dados pessoais tem direitos de informa\u00e7\u00e3o, acesso e retifica\u00e7\u00e3o ou apagamento dos dados pessoais e direito \u00e0 portabilidade dos dados, direito de limita\u00e7\u00e3o ou oposi\u00e7\u00e3o ao tratamento dos seus dados, no \u00e2mbito e nos termos do RGPD e demais aplic\u00e1veis legisla\u00e7\u00e3o.<br >\nO titular pode retirar, a qualquer momento, o consentimento que deu para o tratamento dos seus dados pessoais, no \u00e2mbito do RGPD. A revoga\u00e7\u00e3o do consentimento n\u00e3o afetar\u00e1 a licitude do tratamento de dados pessoais que tenha sido efetuado at\u00e9 ao momento, com base no consentimento que tenha prestado anteriormente.<br >\nTem ainda o direito de apresentar reclama\u00e7\u00e3o relativa ao tratamento dos seus dados dirigida \u00e0 CNPD.<br >\nExer\u00e7a os seus direitos atrav\u00e9s dos seguintes contactos:<br >\nE-mail: geral@tecsisel.pt<br >\nCarta<br >\nRua das Queimadas, n\u00ba6, Sernada, 3505-330 Santos Evos, Viseu<br >\nAo cuidado do Encarregado da Prote\u00e7\u00e3o de Dados<br >\nA resposta aos pedidos deve ser dada, sem demora injustificada, no prazo de um m\u00eas a contar da rece\u00e7\u00e3o do pedido, salvo se se tratar de um pedido particularmente complexo ou ocorrer em circunst\u00e2ncias excecionais. Esse prazo pode ser prorrogado at\u00e9 dois meses, se necess\u00e1rio, tendo em conta a complexidade do pedido e o n\u00famero de pedidos recebidos.<br >\nNo \u00e2mbito do seu pedido, poder\u00e1 ser-lhe solicitado o comprovativo da sua identidade de forma a garantir que os dados pessoais s\u00e3o apenas partilhados com o respetivo titular.<br >\n\u00daltima atualiza\u00e7\u00e3o:\u00a009 de janeiro de 2023.<br >\n\u2013<br >\nRegulamento Geral de Prote\u00e7\u00e3o de Dados (RGPD): Regulamento (UE) 2016\/679 do Parlamento Europeu e do Conselho, de 27 de abril de 2016, relativo \u00e0 prote\u00e7\u00e3o das pessoas singulares no que diz respeito ao tratamento de dados pessoais e \u00e0 livre circula\u00e7\u00e3o desses dados e revoga a Diretiva 95\/46\/CE (Regulamento Geral de Prote\u00e7\u00e3o de Dados) (JO L 119 de 4.5.2016).<\/p><\/div> <\/div><\/div> <\/div>","protected":false},"excerpt":{"rendered":"<p>1. The protection of privacy and personal data is a commitment from Tecsisel The protection of privacy and personal data is a fundamental commitment by Tecsisel to the holder of personal data (also, \u00abholder\u00bb) who uses the tecsisel.com website. With the application of the new General Regulation on Data Protection (GDPR), as of May 25,&hellip; <br \/> <a class=\"read-more\" href=\"https:\/\/tecsisel.com\/pt\/privacy-policy\/\">Read more<\/a><\/p>","protected":false},"author":3,"featured_media":0,"parent":0,"menu_order":0,"comment_status":"closed","ping_status":"closed","template":"pro\/page-templates\/full-width-page.php","meta":{"footnotes":""},"class_list":["post-1038","page","type-page","status-publish","hentry"],"_links":{"self":[{"href":"https:\/\/tecsisel.com\/pt\/wp-json\/wp\/v2\/pages\/1038","targetHints":{"allow":["GET"]}}],"collection":[{"href":"https:\/\/tecsisel.com\/pt\/wp-json\/wp\/v2\/pages"}],"about":[{"href":"https:\/\/tecsisel.com\/pt\/wp-json\/wp\/v2\/types\/page"}],"author":[{"embeddable":true,"href":"https:\/\/tecsisel.com\/pt\/wp-json\/wp\/v2\/users\/3"}],"replies":[{"embeddable":true,"href":"https:\/\/tecsisel.com\/pt\/wp-json\/wp\/v2\/comments?post=1038"}],"version-history":[{"count":10,"href":"https:\/\/tecsisel.com\/pt\/wp-json\/wp\/v2\/pages\/1038\/revisions"}],"predecessor-version":[{"id":1613,"href":"https:\/\/tecsisel.com\/pt\/wp-json\/wp\/v2\/pages\/1038\/revisions\/1613"}],"wp:attachment":[{"href":"https:\/\/tecsisel.com\/pt\/wp-json\/wp\/v2\/media?parent=1038"}],"curies":[{"name":"wp","href":"https:\/\/api.w.org\/{rel}","templated":true}]}}