{"id":1036,"date":"2021-05-26T17:31:05","date_gmt":"2021-05-26T17:31:05","guid":{"rendered":"https:\/\/tecsisel.com\/?page_id=1036"},"modified":"2023-01-09T16:01:27","modified_gmt":"2023-01-09T16:01:27","slug":"terms-and-conditions","status":"publish","type":"page","link":"https:\/\/tecsisel.com\/pt\/terms-and-conditions\/","title":{"rendered":"Termos e condi\u00e7\u00f5es"},"content":{"rendered":"<div  data-label=\"Termos e condicoes\" data-id=\"content--1\" data-export-id=\"content-12\" data-category=\"content\" class=\"content-12 content-section content-section-spacing\" id=\"termos-e-condicoes\" style=\"background-color: rgb(255, 255, 255);\"><div  class=\"gridContainer\">  <div  class=\"row center-xs middle-xs\"> <div  class=\"col-sm-9\" data-type=\"column\"> <p  class=\"\" style=\"text-align: justify;\"><span style=\"font-weight: 700;\" >1. Propriedade do site<\/span><br >\nTECSISEL TECNOLOGIA SISTEMAS ELECTRICOS LDA<br >\nEdif\u00edcio Tecsisel, Rua das Queimadas, N\u00ba6 Sernada 3505-330 Santos Evos \u2013 Viseu<br >\nTel: +351 232 441 005<br >\nEmail: geral@tecsisel.pt\n<br ><br >\n<span style=\"font-weight: 700;\" >2. Limita\u00e7\u00e3o da responsabilidade<\/span><br >\nFazemos todos os esfor\u00e7os para que a informa\u00e7\u00e3o apresentada esteja isenta de erros tipogr\u00e1ficos e, sempre que estes ocorram, procederemos com a maior brevidade poss\u00edvel \u00e0 sua corre\u00e7\u00e3o.<br >\nAs imagens apresentadas no site tecsisel.com s\u00e3o meramente ilustrativas. Recomendamos que consulte as caracter\u00edsticas do produto para obter informa\u00e7\u00f5es detalhadas.<br >\nApesar dos esfor\u00e7os da Tecsisel, alguns produtos podem apresentar pre\u00e7os incorretos, pelo que verificamos os pre\u00e7os sempre que detetamos algum erro ou somos alertados para o mesmo.\n<br ><br >\n<span style=\"font-weight: 700;\" >3. Propriedade intelectual e industrial<\/span><br >\nTodos os textos e imagens reproduzidos ou representados no site tecsisel.com s\u00e3o propriedade exclusiva da Tecsisel e, por isso, estritamente reservados \u00e0 Tecsisel e protegidos pelos termos de direitos de autor bem como direitos de propriedade intelectual, relativamente a terceiros.<br >\nQualquer reprodu\u00e7\u00e3o ou representa\u00e7\u00e3o total ou parcial do site tecsisel.com ou de todos ou parte dos elementos nele inclu\u00eddos \u00e9 estritamente proibida.<br >\nAs denomina\u00e7\u00f5es sociais, marcas e sinais distintivos reproduzidos no site tecsisel.com encontram-se protegidos nos termos das disposi\u00e7\u00f5es legais aplic\u00e1veis \u00e0 propriedade industrial. \u00c9 expressamente proibida a reprodu\u00e7\u00e3o ou representa\u00e7\u00e3o total ou parcial de quaisquer sinais distintivos.<\/p><\/div> <\/div><\/div> <\/div>","protected":false},"excerpt":{"rendered":"<p>1. Ownership of the website TECSISEL TECNOLOGIA SISTEMAS ELECTRICOS LDA Tecsisel Building, Rua das Queimadas, N\u00ba6 Sernada 3505-330 Santos Evos \u2013 Viseu Tel: +351 232 441 005 Email: geral@tecsisel.pt 2. Limitation of Liability We make every effort to ensure that the information presented is free of typographical errors and, whenever these occur, we will proceed&hellip; <br \/> <a class=\"read-more\" href=\"https:\/\/tecsisel.com\/pt\/terms-and-conditions\/\">Read more<\/a><\/p>","protected":false},"author":3,"featured_media":0,"parent":0,"menu_order":0,"comment_status":"closed","ping_status":"closed","template":"pro\/page-templates\/full-width-page.php","meta":{"footnotes":""},"class_list":["post-1036","page","type-page","status-publish","hentry"],"_links":{"self":[{"href":"https:\/\/tecsisel.com\/pt\/wp-json\/wp\/v2\/pages\/1036","targetHints":{"allow":["GET"]}}],"collection":[{"href":"https:\/\/tecsisel.com\/pt\/wp-json\/wp\/v2\/pages"}],"about":[{"href":"https:\/\/tecsisel.com\/pt\/wp-json\/wp\/v2\/types\/page"}],"author":[{"embeddable":true,"href":"https:\/\/tecsisel.com\/pt\/wp-json\/wp\/v2\/users\/3"}],"replies":[{"embeddable":true,"href":"https:\/\/tecsisel.com\/pt\/wp-json\/wp\/v2\/comments?post=1036"}],"version-history":[{"count":8,"href":"https:\/\/tecsisel.com\/pt\/wp-json\/wp\/v2\/pages\/1036\/revisions"}],"predecessor-version":[{"id":1615,"href":"https:\/\/tecsisel.com\/pt\/wp-json\/wp\/v2\/pages\/1036\/revisions\/1615"}],"wp:attachment":[{"href":"https:\/\/tecsisel.com\/pt\/wp-json\/wp\/v2\/media?parent=1036"}],"curies":[{"name":"wp","href":"https:\/\/api.w.org\/{rel}","templated":true}]}}